{"id":57,"date":"2024-09-09T15:36:19","date_gmt":"2024-09-09T14:36:19","guid":{"rendered":"http:\/\/elgordoticketsonline.com\/hem\/"},"modified":"2024-09-09T15:36:19","modified_gmt":"2024-09-09T14:36:19","slug":"hem","status":"publish","type":"page","link":"http:\/\/elgordoticketsonline.com\/sv\/","title":{"rendered":"Hem"},"content":{"rendered":"<p>El Gordo \u00e4r det mest popul\u00e4ra och mest spelade lotteriet i Spanien. Det genererar prispotter och toppvinster som m\u00e4ts i miljoner euro. Detta lockar spelare \u00f6ver hela v\u00e4rlden som st\u00e4ndigt f\u00f6ljer nyheterna och den senaste jackpotstorleken. Sedan lotteriet lanserades har mer \u00e4n 150 miljoner m\u00e4nniskor k\u00f6pt en lott, och det s\u00e4ger allt!<\/p>\n<h2>El Gordo-lotteriet \u00e4r ocks\u00e5 ganska unikt \u2013 det \u00e4r uppdelat i flera omg\u00e5ngar:<\/h2>\n<ol>\n<li>Det finns en julomg\u00e5ng som \u00e4ger rum den 22 december och \u00e4r k\u00e4nd som El Gordo Navidad.<\/li>\n<li>Sorteo Del Nino \u00e4r en dragning som \u00e4r planerad till den 6 januari och sommardragningen, som inte verkar ha n\u00e5got specifikt namn. Dessa \u00e5rliga dragningar har ENORMA prispotter och toppvinster.<\/li>\n<li>Och sedan finns det ocks\u00e5 den vanligare, veckovisa prisdragningen med en garanterad jackpott p\u00e5 5 miljoner euro! Denna jackpott \u00e4r k\u00e4nd som El Gordo La Primitiva.<br \/>\nDet b\u00e4sta med El Gordo i internet\u00e5ldern \u00e4r att du inte beh\u00f6ver vara bosatt i Spanien f\u00f6r att k\u00f6pa lotter. VEM SOM HELST kan spela detta lotterispel. Att k\u00f6pa en lott online \u00e4r en enkel uppgift och kan g\u00f6ras av vem som helst med en internetanslutning och ett s\u00e4tt att betala (online).<\/li>\n<\/ol>\n<p>Killarna p\u00e5 RedFoxLotto (detta \u00e4r f\u00f6rresten l\u00e4nken till deras fantastiska webbplats) har lanserat en superb tj\u00e4nst och g\u00f6r i princip allt \u00e5t dig!<br \/>\nSedan ett tag tillbaka har de tillhandah\u00e5llit en enkel, funktionell lottotj\u00e4nst online. Och viktigast av allt, denna tj\u00e4nst \u00e4r laglig, p\u00e5litlig och v\u00e4rd ditt f\u00f6rtroende. Processen att k\u00f6pa lotter online kunde inte vara enklare. V\u00e4l inne p\u00e5 deras webbplats \u00e4r k\u00f6pprocessen i stort sett sj\u00e4lvf\u00f6rklarande.<\/p>\n<p>Och f\u00f6rresten &#8211; du \u00e4r INTE begr\u00e4nsad till bara El Gordo &#8211; det finns faktiskt mycket mer \u00e4n 30 mycket attraktiva lottoevenemang att v\u00e4lja mellan. N\u00e4r du v\u00e4l har ett konto hos RedFoxLotto <a href=\"https:\/\/redfoxlotto.com\/lotteries\/\">kan alla dina lotter k\u00f6pas h\u00e4r p\u00e5 n\u00e5gra sekunder!<\/a><\/p>\n<h2>Steg-f\u00f6r-steg-guide f\u00f6r k\u00f6p av El Gordo-lottor<\/h2>\n<p>Som vi ber\u00e4ttade tidigare \u00e4r det enkelt att k\u00f6pa lotter online. Men f\u00f6r s\u00e4kerhets skull har vi skapat en steg-f\u00f6r-steg-guide och kommer att guida dig genom processen i den h\u00e4r artikeln:<\/p>\n<ul>\n<li>Som f\u00f6rsta steg, klicka h\u00e4r f\u00f6r att g\u00e5 till RedFoxLottos webbplats. Hitta registreringsknappen, klicka p\u00e5 den och ange dina personuppgifter. Detta g\u00f6rs s\u00e5 att WinTrillion-agenter kan k\u00f6pa lotterna \u00e5t dig, eftersom dessa ocks\u00e5 kommer att inneh\u00e5lla ditt namn<\/li>\n<li>Alternativt kan du anv\u00e4nda en av bannersna p\u00e5 v\u00e5r webbplats f\u00f6r att v\u00e4lja ett lotteri (valfritt lotteri). Om du g\u00f6r detta kommer du f\u00f6rst att kunna v\u00e4lja dina nummer till det lotteriet, k\u00f6pa din El Gordo-lott online (eller en lott till ett annat lotteri) och skapa ditt kundkonto under betalnings- och utcheckningsprocessen.<\/li>\n<li>Annars v\u00e4ljer du lotteriet fr\u00e5n RedFoxLottos startsida.<\/li>\n<li>D\u00e4refter kan du v\u00e4lja antalet rader (nummervariationer) och prisdragningar du vill delta i. Om lotteriet till exempel dras tv\u00e5 g\u00e5nger i veckan och du v\u00e4ljer 6 dragningar kommer du att delta i lotteriet i 3 veckor.<\/li>\n<li>Betalningar \u00e4r enkla och det finns ett brett utbud av metoder till ditt f\u00f6rfogande. N\u00e4r du har gjort ett k\u00f6p och skickat en betalning f\u00e5r du ett e-postmeddelande i din inkorg med en f\u00f6rsta bekr\u00e4ftelse p\u00e5 din best\u00e4llning, inklusive alla detaljer.<\/li>\n<li>Din faktiska lott eller lotter skickas sedan till din e-postadress inom 24 timmar, efter att RedFoxLotto har k\u00f6pt den p\u00e5 webbplatsen. Det \u00e4r h\u00e4r RedFoxLotto sticker ut fr\u00e5n m\u00e4ngden: Du f\u00e5r en skannad kopia av din El Gordo-lott med ditt eget namn p\u00e5. Detta \u00e4r extremt viktigt, f\u00f6r nu kan du vara s\u00e4ker p\u00e5 att du har ett riktigt &#8221;kontrakt&#8221; med lotteriet. OCH tack vare detta kan du vara s\u00e4ker p\u00e5 att du f\u00e5r betalt!<\/li>\n<li>RedFoxLotto kommer \u00e5terigen att skicka ett e-postmeddelande till dig, alltid n\u00e5gra timmar innan varje prisdragning \u00e4ger rum. Dessa meddelanden kommer ocks\u00e5 att inkludera en skanning av din lott, vilket bevisar att du har en legitim lott.<\/li>\n<\/ul>\n<p>Verkar det skumt? Inte alls. RedFoxLotto betj\u00e4nar tusentals m\u00e4nniskor dagligen. Det har aldrig varit problem med att en kund f\u00e5r sina vinster eller n\u00e5got liknande. Kom ih\u00e5g att alla lotter du k\u00f6per p\u00e5 RedFoxLotto kommer att ha ditt namn tryckt p\u00e5 dem, ovanp\u00e5 de nummer du har valt. Det finns inget utrymme f\u00f6r misstag och ingen annan \u00e4n du kommer att kunna g\u00f6ra anspr\u00e5k p\u00e5 eventuella vinster.<\/p>\n<h2>El Gordo-prisdragningarna<\/h2>\n<p>La Primitiva-prisdragningarna h\u00e5lls varje torsdag och l\u00f6rdag kl. 21:30 CET. Sex kulor dras fr\u00e5n en trumma med totalt 49 kulor. Det finns ocks\u00e5 en extra funktion \u2013 spelarna m\u00e5ste v\u00e4lja ytterligare ett, sjunde nummer. Detta kallas \u00e4ven &#8221;bonuskulan&#8221;, vilket kan hj\u00e4lpa dig att vinna det n\u00e4st st\u00f6rsta priset.<\/p>\n<p>Veckans h\u00f6gsta pris (jackpot) b\u00f6rjar p\u00e5 3 miljoner euro och kommer att f\u00f6ras vidare s\u00e5 l\u00e4nge ingen vinner det h\u00f6gsta priset. Det finns en trevlig regel, implementerad av den spanska regeringen \u2013 70 % av alla int\u00e4kter fr\u00e5n lotteribiljetterna m\u00e5ste l\u00e4ggas till.till Jackpottens prispott. Detta garanterar en j\u00e4mn tillv\u00e4xt av jackpotten och f\u00f6rb\u00e4ttrar oddsen och vinstf\u00f6rv\u00e4ntningarna.<\/p>\n<h2>S\u00e4tt att vinna<\/h2>\n<p>El Gordo La Primitiva har 5 s\u00e4tt eller niv\u00e5er att vinna. Oddsen f\u00f6r att vinna b\u00f6rjar fr\u00e5n 1 p\u00e5 57 f\u00f6r de minsta priserna och 1 till 14 miljoner f\u00f6r jackpotten. Detta kan verka mycket, men t\u00e4nk dig att mer \u00e4n 150 miljoner lottofans har spelat det h\u00e4r spelet \u2013 ingenting \u00e4r om\u00f6jligt!<\/p>\n<p>Hitta kraven f\u00f6r varje vinnande kombination nedan. Det exakta beloppet f\u00f6r prisniv\u00e5erna \u00e4r inte &#8221;hugget i sten&#8221;, eftersom det beror p\u00e5 prispotten (t.ex. antal s\u00e5lda El Gordo-biljetter) under den specifika veckan.<\/p>\n<p>H\u00f6gsta vinsten (jackpotten) delas ut om numren p\u00e5 din lott matchar alla 6 bollar i dragningen.<\/p>\n<p>Niv\u00e5 2-priset (2:a niv\u00e5n) delas ut om numren p\u00e5 din lott matchar 5 nummer i huvuddragningen plus numren p\u00e5 bonusbollen.<\/p>\n<p>Niv\u00e5 3-priset (3:e niv\u00e5n) delas ut om numren p\u00e5 din lott matchar 5 nummer i huvuddragningen.<\/p>\n<p>Niv\u00e5 4-priset (4:e niv\u00e5n) delas ut om du f\u00e5r 4 nummer i huvuddragningen.<\/p>\n<p>Slutligen delas niv\u00e5 5-priset (5:e niv\u00e5n) ut om 3 nummer p\u00e5 din lott matchar 3 numren i huvuddragningen.<\/p>\n<p>Den st\u00f6rsta lottojackpotten som n\u00e5gonsin vunnits \u00e4gde rum i april 2007, d\u00e5 en lycklig kille fr\u00e5n Monteagudo, Murcio vann 26 miljoner euro!<\/p>\n<p>Och du kan bli n\u00e4sta stora vinnare &#8211; <a href=\"https:\/\/redfoxlotto.com\">bes\u00f6k RedFoxLotto idag<\/a> och k\u00f6p El Gordo-lotter online!<\/p>\n","protected":false},"excerpt":{"rendered":"<p>El Gordo \u00e4r det mest popul\u00e4ra och mest spelade lotteriet i Spanien. Det genererar prispotter och toppvinster som m\u00e4ts i miljoner euro. Detta lockar spelare \u00f6ver hela v\u00e4rlden som st\u00e4ndigt f\u00f6ljer nyheterna och den senaste jackpotstorleken. Sedan lotteriet lanserades har mer \u00e4n 150 miljoner m\u00e4nniskor k\u00f6pt en lott, och det s\u00e4ger allt! El Gordo-lotteriet \u00e4r [&hellip;]<\/p>\n","protected":false},"author":1,"featured_media":0,"parent":0,"menu_order":0,"comment_status":"closed","ping_status":"closed","template":"","meta":{"footnotes":""},"class_list":["post-57","page","type-page","status-publish","hentry"],"yoast_head":"<!-- This site is optimized with the Yoast SEO plugin v24.7 - https:\/\/yoast.com\/wordpress\/plugins\/seo\/ -->\n<title>Ett s\u00e4kert och p\u00e5litligt s\u00e4tt att k\u00f6pa El Gordo-biljetter online<\/title>\n<meta name=\"robots\" content=\"index, follow, max-snippet:-1, max-image-preview:large, max-video-preview:-1\" \/>\n<link rel=\"canonical\" href=\"http:\/\/elgordoticketsonline.com\/sv\/\" \/>\n<meta property=\"og:locale\" content=\"sv_SE\" \/>\n<meta property=\"og:type\" content=\"article\" \/>\n<meta property=\"og:title\" content=\"Ett s\u00e4kert och p\u00e5litligt s\u00e4tt att k\u00f6pa El Gordo-biljetter online\" \/>\n<meta property=\"og:description\" content=\"El Gordo \u00e4r det mest popul\u00e4ra och mest spelade lotteriet i Spanien. Det genererar prispotter och toppvinster som m\u00e4ts i miljoner euro. Detta lockar spelare \u00f6ver hela v\u00e4rlden som st\u00e4ndigt f\u00f6ljer nyheterna och den senaste jackpotstorleken. Sedan lotteriet lanserades har mer \u00e4n 150 miljoner m\u00e4nniskor k\u00f6pt en lott, och det s\u00e4ger allt! El Gordo-lotteriet \u00e4r [&hellip;]\" \/>\n<meta property=\"og:url\" content=\"http:\/\/elgordoticketsonline.com\/sv\/\" \/>\n<meta property=\"og:site_name\" content=\"Buy El Gordo Tickets online\" \/>\n<meta name=\"twitter:card\" content=\"summary_large_image\" \/>\n<meta name=\"twitter:label1\" content=\"Ber\u00e4knad l\u00e4stid\" \/>\n\t<meta name=\"twitter:data1\" content=\"6 minuter\" \/>\n<script type=\"application\/ld+json\" class=\"yoast-schema-graph\">{\"@context\":\"https:\/\/schema.org\",\"@graph\":[{\"@type\":\"WebPage\",\"@id\":\"http:\/\/elgordoticketsonline.com\/sv\/\",\"url\":\"http:\/\/elgordoticketsonline.com\/sv\/\",\"name\":\"Ett s\u00e4kert och p\u00e5litligt s\u00e4tt att k\u00f6pa El Gordo-biljetter online\",\"isPartOf\":{\"@id\":\"http:\/\/elgordoticketsonline.com\/sv\/#website\"},\"datePublished\":\"2024-09-09T14:36:19+00:00\",\"breadcrumb\":{\"@id\":\"http:\/\/elgordoticketsonline.com\/sv\/#breadcrumb\"},\"inLanguage\":\"sv-SE\",\"potentialAction\":[{\"@type\":\"ReadAction\",\"target\":[\"http:\/\/elgordoticketsonline.com\/sv\/\"]}]},{\"@type\":\"BreadcrumbList\",\"@id\":\"http:\/\/elgordoticketsonline.com\/sv\/#breadcrumb\",\"itemListElement\":[{\"@type\":\"ListItem\",\"position\":1,\"name\":\"Home\",\"item\":\"http:\/\/elgordoticketsonline.com\/sv\/\"},{\"@type\":\"ListItem\",\"position\":2,\"name\":\"Hem\"}]},{\"@type\":\"WebSite\",\"@id\":\"http:\/\/elgordoticketsonline.com\/sv\/#website\",\"url\":\"http:\/\/elgordoticketsonline.com\/sv\/\",\"name\":\"Buy El Gordo Tickets online\",\"description\":\"\",\"potentialAction\":[{\"@type\":\"SearchAction\",\"target\":{\"@type\":\"EntryPoint\",\"urlTemplate\":\"http:\/\/elgordoticketsonline.com\/sv\/?s={search_term_string}\"},\"query-input\":{\"@type\":\"PropertyValueSpecification\",\"valueRequired\":true,\"valueName\":\"search_term_string\"}}],\"inLanguage\":\"sv-SE\"}]}<\/script>\n<!-- \/ Yoast SEO plugin. -->","yoast_head_json":{"title":"Ett s\u00e4kert och p\u00e5litligt s\u00e4tt att k\u00f6pa El Gordo-biljetter online","robots":{"index":"index","follow":"follow","max-snippet":"max-snippet:-1","max-image-preview":"max-image-preview:large","max-video-preview":"max-video-preview:-1"},"canonical":"http:\/\/elgordoticketsonline.com\/sv\/","og_locale":"sv_SE","og_type":"article","og_title":"Ett s\u00e4kert och p\u00e5litligt s\u00e4tt att k\u00f6pa El Gordo-biljetter online","og_description":"El Gordo \u00e4r det mest popul\u00e4ra och mest spelade lotteriet i Spanien. Det genererar prispotter och toppvinster som m\u00e4ts i miljoner euro. Detta lockar spelare \u00f6ver hela v\u00e4rlden som st\u00e4ndigt f\u00f6ljer nyheterna och den senaste jackpotstorleken. Sedan lotteriet lanserades har mer \u00e4n 150 miljoner m\u00e4nniskor k\u00f6pt en lott, och det s\u00e4ger allt! El Gordo-lotteriet \u00e4r [&hellip;]","og_url":"http:\/\/elgordoticketsonline.com\/sv\/","og_site_name":"Buy El Gordo Tickets online","twitter_card":"summary_large_image","twitter_misc":{"Ber\u00e4knad l\u00e4stid":"6 minuter"},"schema":{"@context":"https:\/\/schema.org","@graph":[{"@type":"WebPage","@id":"http:\/\/elgordoticketsonline.com\/sv\/","url":"http:\/\/elgordoticketsonline.com\/sv\/","name":"Ett s\u00e4kert och p\u00e5litligt s\u00e4tt att k\u00f6pa El Gordo-biljetter online","isPartOf":{"@id":"http:\/\/elgordoticketsonline.com\/sv\/#website"},"datePublished":"2024-09-09T14:36:19+00:00","breadcrumb":{"@id":"http:\/\/elgordoticketsonline.com\/sv\/#breadcrumb"},"inLanguage":"sv-SE","potentialAction":[{"@type":"ReadAction","target":["http:\/\/elgordoticketsonline.com\/sv\/"]}]},{"@type":"BreadcrumbList","@id":"http:\/\/elgordoticketsonline.com\/sv\/#breadcrumb","itemListElement":[{"@type":"ListItem","position":1,"name":"Home","item":"http:\/\/elgordoticketsonline.com\/sv\/"},{"@type":"ListItem","position":2,"name":"Hem"}]},{"@type":"WebSite","@id":"http:\/\/elgordoticketsonline.com\/sv\/#website","url":"http:\/\/elgordoticketsonline.com\/sv\/","name":"Buy El Gordo Tickets online","description":"","potentialAction":[{"@type":"SearchAction","target":{"@type":"EntryPoint","urlTemplate":"http:\/\/elgordoticketsonline.com\/sv\/?s={search_term_string}"},"query-input":{"@type":"PropertyValueSpecification","valueRequired":true,"valueName":"search_term_string"}}],"inLanguage":"sv-SE"}]}},"_links":{"self":[{"href":"http:\/\/elgordoticketsonline.com\/sv\/wp-json\/wp\/v2\/pages\/57","targetHints":{"allow":["GET"]}}],"collection":[{"href":"http:\/\/elgordoticketsonline.com\/sv\/wp-json\/wp\/v2\/pages"}],"about":[{"href":"http:\/\/elgordoticketsonline.com\/sv\/wp-json\/wp\/v2\/types\/page"}],"author":[{"embeddable":true,"href":"http:\/\/elgordoticketsonline.com\/sv\/wp-json\/wp\/v2\/users\/1"}],"replies":[{"embeddable":true,"href":"http:\/\/elgordoticketsonline.com\/sv\/wp-json\/wp\/v2\/comments?post=57"}],"version-history":[{"count":0,"href":"http:\/\/elgordoticketsonline.com\/sv\/wp-json\/wp\/v2\/pages\/57\/revisions"}],"wp:attachment":[{"href":"http:\/\/elgordoticketsonline.com\/sv\/wp-json\/wp\/v2\/media?parent=57"}],"curies":[{"name":"wp","href":"https:\/\/api.w.org\/{rel}","templated":true}]}}