{"id":55,"date":"2024-09-09T15:36:19","date_gmt":"2024-09-09T14:36:19","guid":{"rendered":"http:\/\/elgordoticketsonline.com\/acasa\/"},"modified":"2024-09-09T15:36:19","modified_gmt":"2024-09-09T14:36:19","slug":"acasa","status":"publish","type":"page","link":"http:\/\/elgordoticketsonline.com\/ro\/","title":{"rendered":"Acas\u0103"},"content":{"rendered":"<p>El Gordo este cea mai popular\u0103 \u0219i mai frecvent jucat\u0103 loterie din Spania. Genereaz\u0103 fonduri de premii \u0219i premii mari, care sunt m\u0103surate \u00een milioane de euro. Aceasta atrage juc\u0103tori din \u00eentreaga lume care urm\u0103resc permanent \u0219tirile \u0219i cea mai recent\u0103 m\u0103rime a jackpotului. De la lansarea loteriei, peste 150 de milioane de oameni au cump\u0103rat un bilet, iar asta spune totul!<\/p>\n<h2>Loteria El Gordo este, de asemenea, una destul de unic\u0103 &#8211; este \u00eemp\u0103r\u021bit\u0103 \u00een mai multe runde:<\/h2>\n<ol>\n<li>Exist\u0103 o rund\u0103 de Cr\u0103ciun, care are loc pe 22 decembrie \u0219i este cunoscut\u0103 sub numele de El Gordo Navidad.<\/li>\n<li>Sorteo Del Nino este o extragere programat\u0103 pe 6 ianuarie \u0219i extragerea de var\u0103, care nu pare s\u0103 aib\u0103 un nume specific. Aceste extrageri anuale prezint\u0103 fonduri de premii URIA\u0218E \u0219i premii mari.<\/li>\n<li>\u0218i apoi exist\u0103, de asemenea, extragerea s\u0103pt\u0103m\u00e2nal\u0103, mai comun\u0103, cu un jackpot garantat de 5 milioane de euro! Acest jackpot este cunoscut sub numele de El Gordo La Primitiva.<br \/>\nCel mai bun lucru despre El Gordo \u00een era internetului este c\u0103 nu trebuie s\u0103 fii rezident \u00een Spania pentru a cump\u0103ra bilete. ORICINE poate juca acest joc de loterie. Cump\u0103rarea unui bilet online este o sarcin\u0103 u\u0219oar\u0103 \u0219i poate fi f\u0103cut\u0103 de oricine are o conexiune la internet \u0219i o modalitate de plat\u0103 (online).<\/li>\n<\/ol>\n<p>B\u0103ie\u021bii de la RedFoxLotto (acesta, apropo, este linkul c\u0103tre site-ul lor web excelent) au lansat un serviciu superb \u0219i practic fac totul pentru tine!<br \/>\nDe ceva vreme, ofer\u0103 un serviciu online de bilete la loto u\u0219or \u0219i func\u021bional. \u0218i cel mai important, acest serviciu este legal, fiabil \u0219i merit\u0103 \u00eencrederea ta. Procesul de cump\u0103rare a biletelor la loto online nu ar putea fi mai u\u0219or. Odat\u0103 ajuns pe site-ul lor web, procesul de cump\u0103rare este destul de autoexplicativ.<\/p>\n<p>A, \u0219i apropo &#8211; NU e\u0219ti limitat doar la El Gordo &#8211; de fapt, exist\u0103 mult mai mult de 30 de evenimente loto foarte atractive din care po\u021bi alege. Dup\u0103 ce ave\u021bi un cont la RedFoxLotto, <a href=\"https:\/\/redfoxlotto.com\/lotteries\/\">toate biletele dvs. de loterie pot fi cump\u0103rate aici \u00een c\u00e2teva secunde!<\/a><\/p>\n<h2>Ghid pas cu pas pentru achizi\u021bionarea biletelor El Gordo<\/h2>\n<p>Dup\u0103 cum v-am spus anterior, cump\u0103rarea biletelor online este u\u0219oar\u0103. Dar, pentru orice eventualitate, am creat un ghid pas cu pas \u0219i v\u0103 vom ghida prin acest proces \u00een acest articol:<\/p>\n<ul>\n<li>Ca prim pas, face\u021bi clic aici pentru a accesa site-ul web RedFoxLotto. G\u0103si\u021bi butonul de \u00eenscriere, face\u021bi clic pe el \u0219i introduce\u021bi datele dvs. personale. Acest lucru este f\u0103cut astfel \u00eenc\u00e2t agen\u021bii WinTrillion s\u0103 poat\u0103 achizi\u021biona biletele \u00een numele dvs., deoarece acestea vor con\u021bine \u0219i numele dvs.<\/li>\n<li>Alternativ, utiliza\u021bi unul dintre bannerele de pe site-ul nostru pentru a alege o loterie (orice loterie). Dac\u0103 faci asta, vei putea s\u0103-\u021bi alegi mai \u00eent\u00e2i numerele pentru acea loterie, s\u0103-\u021bi cumperi biletul El Gordo online (sau un bilet pentru o alt\u0103 loterie) \u0219i s\u0103-\u021bi creezi contul de client \u00een timpul procesului de plat\u0103 \u0219i finalizare a comenzii<\/li>\n<li>Altfel, alege loteria de pe pagina de pornire a RedFoxLotto<\/li>\n<li>Apoi, vei putea alege num\u0103rul de linii (varian\u021bele numerelor) \u0219i extragerile la care dore\u0219ti s\u0103 participi. De exemplu, dac\u0103 loteria se extrage de dou\u0103 ori pe s\u0103pt\u0103m\u00e2n\u0103 \u0219i alegi 6 extrageri, vei participa la loterie timp de 3 s\u0103pt\u0103m\u00e2ni<\/li>\n<li>Pl\u0103\u021bile sunt u\u0219oare \u0219i exist\u0103 o gam\u0103 larg\u0103 de metode la dispozi\u021bia ta. Dup\u0103 ce faci o achizi\u021bie \u0219i trimi\u021bi o plat\u0103, vei primi un e-mail \u00een c\u0103su\u021ba ta po\u0219tal\u0103 cu o prim\u0103 confirmare a comenzii tale, inclusiv toate detaliile<\/li>\n<li>Biletul sau biletele tale vor fi apoi trimise pe adresa ta de e-mail \u00een termen de 24 de ore, dup\u0103 ce RedFoxLotto le-a cump\u0103rat pe site. Acesta este aspectul \u00een care RedFoxLotto iese \u00een eviden\u021b\u0103: Vei primi o copie scanat\u0103 a biletului t\u0103u El Gordo cu numele t\u0103u pe ea. Acest lucru este extrem de important, deoarece acum po\u021bi fi sigur c\u0103 ai un \u201econtract\u201d real cu loteria. \u0218I datorit\u0103 acestui fapt, po\u021bi fi sigur c\u0103 vei fi pl\u0103tit!<\/li>\n<li>RedFoxLotto \u00ee\u021bi va trimite din nou o notificare prin e-mail, \u00eentotdeauna cu c\u00e2teva ore \u00eenainte de fiecare extragere. Aceste notific\u0103ri vor include \u0219i o scanare a biletului t\u0103u, dovedind c\u0103 ai un bilet legitim.<\/li>\n<\/ul>\n<p>Pare suspect? Deloc. RedFoxLotto deserve\u0219te mii de oameni zilnic. Nu a existat niciodat\u0103 o problem\u0103 ca un client s\u0103-\u0219i primeasc\u0103 c\u00e2\u0219tigurile sau ceva de genul acesta. Re\u021bine, toate biletele pe care le cumperi de la RedFoxLotto vor avea numele t\u0103u imprimat pe ele, deasupra numerelor pe care le-ai selectat. Nu exist\u0103 loc de eroare \u0219i nimeni altcineva \u00een afar\u0103 de tine nu va putea revendica orice poten\u021biale c\u00e2\u0219tiguri.<\/p>\n<h2>Tragerile cu premii El Gordo<\/h2>\n<p>Tragerile cu premii La Primitiva au loc \u00een fiecare joi \u0219i s\u00e2mb\u0103t\u0103, la ora 21:30 CET. \u0218ase bile sunt extrase dintr-un tambur cu 49 de bile \u00een total. Exist\u0103, de asemenea, o func\u021bie suplimentar\u0103 &#8211; juc\u0103torii trebuie s\u0103 selecteze un alt num\u0103r, al \u0219aptelea. Acesta este cunoscut \u0219i sub numele de \u201eBila Bonus\u201d, care v\u0103 poate ajuta s\u0103 c\u00e2\u0219tiga\u021bi al doilea cel mai mare premiu.<\/p>\n<p>Premiul mare (jackpot-ul) de la tragerea cu premii s\u0103pt\u0103m\u00e2nal\u0103 \u00eencepe de la 3 milioane de euro \u0219i va fi reportat at\u00e2ta timp c\u00e2t nimeni nu c\u00e2\u0219tig\u0103 premiul principal. Exist\u0103 o regul\u0103 frumoas\u0103, implementat\u0103 de guvernul spaniol &#8211; 70% din toate veniturile din biletele de loterie trebuie ad\u0103ugate&#8230;ad\u0103ugat la fondul de premii Jackpot. Acest lucru garanteaz\u0103 o cre\u0219tere constant\u0103 a jackpotului \u0219i \u00eembun\u0103t\u0103\u021be\u0219te \u0219ansele \u0219i a\u0219tept\u0103rile de c\u00e2\u0219tig.<\/p>\n<h2>Modalit\u0103\u021bi de c\u00e2\u0219tig<\/h2>\n<p>El Gordo La Primitiva ofer\u0103 5 modalit\u0103\u021bi sau niveluri de c\u00e2\u0219tig. \u0218ansele de c\u00e2\u0219tig \u00eencep de la 1 din 57 pentru cele mai mici premii \u0219i de la 1 la 14 milioane pentru jackpot. Poate p\u0103rea mult, dar imagina\u021bi-v\u0103 c\u0103 peste 150 de milioane de fani ai loteriei au jucat acest joc &#8211; nimic nu este imposibil!<\/p>\n<p>G\u0103si\u021bi cerin\u021bele fiec\u0103rei combina\u021bii c\u00e2\u0219tig\u0103toare mai jos. Suma exact\u0103 a nivelurilor de premii nu este \u201eb\u0103tut\u0103 \u00een cuie\u201d, deoarece depinde de fondul de premii (de exemplu, num\u0103rul de bilete El Gordo v\u00e2ndute) \u00een acea s\u0103pt\u0103m\u00e2n\u0103.<\/p>\n<p>Marele premiu (Jackpot) va fi acordat dac\u0103 numerele de pe biletul dvs. se potrivesc cu toate cele 6 bile din extragere.<br \/>\nPremiul de nivel 2 (nivelul 2) este acordat dac\u0103 numerele de pe biletul dvs. se potrivesc cu 5 numere din extragerea principal\u0103 plus numerele bilei bonus.<br \/>\nPremiul de nivel 3 (nivelul 3) este acordat dac\u0103 numerele de pe biletul dvs. se potrivesc cu 5 numere din extragerea principal\u0103.<br \/>\nPremiul de nivel 4 (nivelul 4) este acordat dac\u0103 nimere\u0219ti 4 numere din extragerea principal\u0103.<br \/>\n\u00cen cele din urm\u0103, premiul de nivel 5 (nivelul 5) este acordat dac\u0103 3 numere de pe biletul dvs. se potrivesc cu 3 numere din extragerea principal\u0103.<\/p>\n<p>Cel mai mare jackpot loto c\u00e2\u0219tigat vreodat\u0103 a avut loc \u00een aprilie 2007, c\u00e2nd un norocos din Monteagudo, Murcio, a c\u00e2\u0219tigat 26 de milioane de euro!<\/p>\n<p>\u0218i ai putea fi urm\u0103torul mare c\u00e2\u0219tig\u0103tor &#8211; <a href=\"https:\/\/redfoxlotto.com\">vizita\u021bi RedFoxLotto ast\u0103zi<\/a> \u0219i cump\u0103ra\u021bi bilete de loterie El Gordo online!<\/p>\n","protected":false},"excerpt":{"rendered":"<p>El Gordo este cea mai popular\u0103 \u0219i mai frecvent jucat\u0103 loterie din Spania. Genereaz\u0103 fonduri de premii \u0219i premii mari, care sunt m\u0103surate \u00een milioane de euro. Aceasta atrage juc\u0103tori din \u00eentreaga lume care urm\u0103resc permanent \u0219tirile \u0219i cea mai recent\u0103 m\u0103rime a jackpotului. De la lansarea loteriei, peste 150 de milioane de oameni au [&hellip;]<\/p>\n","protected":false},"author":1,"featured_media":0,"parent":0,"menu_order":0,"comment_status":"closed","ping_status":"closed","template":"","meta":{"footnotes":""},"class_list":["post-55","page","type-page","status-publish","hentry"],"yoast_head":"<!-- This site is optimized with the Yoast SEO plugin v24.7 - https:\/\/yoast.com\/wordpress\/plugins\/seo\/ -->\n<title>O modalitate sigur\u0103 \u0219i fiabil\u0103 de a cump\u0103ra bilete online la El Gordo<\/title>\n<meta name=\"robots\" content=\"index, follow, max-snippet:-1, max-image-preview:large, max-video-preview:-1\" \/>\n<link rel=\"canonical\" href=\"http:\/\/elgordoticketsonline.com\/ro\/\" \/>\n<meta property=\"og:locale\" content=\"ro_RO\" \/>\n<meta property=\"og:type\" content=\"article\" \/>\n<meta property=\"og:title\" content=\"O modalitate sigur\u0103 \u0219i fiabil\u0103 de a cump\u0103ra bilete online la El Gordo\" \/>\n<meta property=\"og:description\" content=\"El Gordo este cea mai popular\u0103 \u0219i mai frecvent jucat\u0103 loterie din Spania. Genereaz\u0103 fonduri de premii \u0219i premii mari, care sunt m\u0103surate \u00een milioane de euro. Aceasta atrage juc\u0103tori din \u00eentreaga lume care urm\u0103resc permanent \u0219tirile \u0219i cea mai recent\u0103 m\u0103rime a jackpotului. De la lansarea loteriei, peste 150 de milioane de oameni au [&hellip;]\" \/>\n<meta property=\"og:url\" content=\"http:\/\/elgordoticketsonline.com\/ro\/\" \/>\n<meta property=\"og:site_name\" content=\"Buy El Gordo Tickets online\" \/>\n<meta name=\"twitter:card\" content=\"summary_large_image\" \/>\n<meta name=\"twitter:label1\" content=\"Timp estimat pentru citire\" \/>\n\t<meta name=\"twitter:data1\" content=\"6 minute\" \/>\n<script type=\"application\/ld+json\" class=\"yoast-schema-graph\">{\"@context\":\"https:\/\/schema.org\",\"@graph\":[{\"@type\":\"WebPage\",\"@id\":\"http:\/\/elgordoticketsonline.com\/ro\/\",\"url\":\"http:\/\/elgordoticketsonline.com\/ro\/\",\"name\":\"O modalitate sigur\u0103 \u0219i fiabil\u0103 de a cump\u0103ra bilete online la El Gordo\",\"isPartOf\":{\"@id\":\"http:\/\/elgordoticketsonline.com\/ro\/#website\"},\"datePublished\":\"2024-09-09T14:36:19+00:00\",\"breadcrumb\":{\"@id\":\"http:\/\/elgordoticketsonline.com\/ro\/#breadcrumb\"},\"inLanguage\":\"ro-RO\",\"potentialAction\":[{\"@type\":\"ReadAction\",\"target\":[\"http:\/\/elgordoticketsonline.com\/ro\/\"]}]},{\"@type\":\"BreadcrumbList\",\"@id\":\"http:\/\/elgordoticketsonline.com\/ro\/#breadcrumb\",\"itemListElement\":[{\"@type\":\"ListItem\",\"position\":1,\"name\":\"Home\",\"item\":\"http:\/\/elgordoticketsonline.com\/ro\/\"},{\"@type\":\"ListItem\",\"position\":2,\"name\":\"Acas\u0103\"}]},{\"@type\":\"WebSite\",\"@id\":\"http:\/\/elgordoticketsonline.com\/ro\/#website\",\"url\":\"http:\/\/elgordoticketsonline.com\/ro\/\",\"name\":\"Buy El Gordo Tickets online\",\"description\":\"\",\"potentialAction\":[{\"@type\":\"SearchAction\",\"target\":{\"@type\":\"EntryPoint\",\"urlTemplate\":\"http:\/\/elgordoticketsonline.com\/ro\/?s={search_term_string}\"},\"query-input\":{\"@type\":\"PropertyValueSpecification\",\"valueRequired\":true,\"valueName\":\"search_term_string\"}}],\"inLanguage\":\"ro-RO\"}]}<\/script>\n<!-- \/ Yoast SEO plugin. -->","yoast_head_json":{"title":"O modalitate sigur\u0103 \u0219i fiabil\u0103 de a cump\u0103ra bilete online la El Gordo","robots":{"index":"index","follow":"follow","max-snippet":"max-snippet:-1","max-image-preview":"max-image-preview:large","max-video-preview":"max-video-preview:-1"},"canonical":"http:\/\/elgordoticketsonline.com\/ro\/","og_locale":"ro_RO","og_type":"article","og_title":"O modalitate sigur\u0103 \u0219i fiabil\u0103 de a cump\u0103ra bilete online la El Gordo","og_description":"El Gordo este cea mai popular\u0103 \u0219i mai frecvent jucat\u0103 loterie din Spania. Genereaz\u0103 fonduri de premii \u0219i premii mari, care sunt m\u0103surate \u00een milioane de euro. Aceasta atrage juc\u0103tori din \u00eentreaga lume care urm\u0103resc permanent \u0219tirile \u0219i cea mai recent\u0103 m\u0103rime a jackpotului. De la lansarea loteriei, peste 150 de milioane de oameni au [&hellip;]","og_url":"http:\/\/elgordoticketsonline.com\/ro\/","og_site_name":"Buy El Gordo Tickets online","twitter_card":"summary_large_image","twitter_misc":{"Timp estimat pentru citire":"6 minute"},"schema":{"@context":"https:\/\/schema.org","@graph":[{"@type":"WebPage","@id":"http:\/\/elgordoticketsonline.com\/ro\/","url":"http:\/\/elgordoticketsonline.com\/ro\/","name":"O modalitate sigur\u0103 \u0219i fiabil\u0103 de a cump\u0103ra bilete online la El Gordo","isPartOf":{"@id":"http:\/\/elgordoticketsonline.com\/ro\/#website"},"datePublished":"2024-09-09T14:36:19+00:00","breadcrumb":{"@id":"http:\/\/elgordoticketsonline.com\/ro\/#breadcrumb"},"inLanguage":"ro-RO","potentialAction":[{"@type":"ReadAction","target":["http:\/\/elgordoticketsonline.com\/ro\/"]}]},{"@type":"BreadcrumbList","@id":"http:\/\/elgordoticketsonline.com\/ro\/#breadcrumb","itemListElement":[{"@type":"ListItem","position":1,"name":"Home","item":"http:\/\/elgordoticketsonline.com\/ro\/"},{"@type":"ListItem","position":2,"name":"Acas\u0103"}]},{"@type":"WebSite","@id":"http:\/\/elgordoticketsonline.com\/ro\/#website","url":"http:\/\/elgordoticketsonline.com\/ro\/","name":"Buy El Gordo Tickets online","description":"","potentialAction":[{"@type":"SearchAction","target":{"@type":"EntryPoint","urlTemplate":"http:\/\/elgordoticketsonline.com\/ro\/?s={search_term_string}"},"query-input":{"@type":"PropertyValueSpecification","valueRequired":true,"valueName":"search_term_string"}}],"inLanguage":"ro-RO"}]}},"_links":{"self":[{"href":"http:\/\/elgordoticketsonline.com\/ro\/wp-json\/wp\/v2\/pages\/55","targetHints":{"allow":["GET"]}}],"collection":[{"href":"http:\/\/elgordoticketsonline.com\/ro\/wp-json\/wp\/v2\/pages"}],"about":[{"href":"http:\/\/elgordoticketsonline.com\/ro\/wp-json\/wp\/v2\/types\/page"}],"author":[{"embeddable":true,"href":"http:\/\/elgordoticketsonline.com\/ro\/wp-json\/wp\/v2\/users\/1"}],"replies":[{"embeddable":true,"href":"http:\/\/elgordoticketsonline.com\/ro\/wp-json\/wp\/v2\/comments?post=55"}],"version-history":[{"count":0,"href":"http:\/\/elgordoticketsonline.com\/ro\/wp-json\/wp\/v2\/pages\/55\/revisions"}],"wp:attachment":[{"href":"http:\/\/elgordoticketsonline.com\/ro\/wp-json\/wp\/v2\/media?parent=55"}],"curies":[{"name":"wp","href":"https:\/\/api.w.org\/{rel}","templated":true}]}}