{"id":54,"date":"2024-09-09T15:36:19","date_gmt":"2024-09-09T14:36:19","guid":{"rendered":"http:\/\/elgordoticketsonline.com\/casa\/"},"modified":"2024-09-09T15:36:19","modified_gmt":"2024-09-09T14:36:19","slug":"casa","status":"publish","type":"page","link":"http:\/\/elgordoticketsonline.com\/pt-pt\/","title":{"rendered":"Casa"},"content":{"rendered":"<p>El Gordo \u00e9 a lotaria mais popular e mais jogada em Espanha. Gera pr\u00e9mios acumulados e pr\u00e9mios m\u00e1ximos que s\u00e3o medidos em milh\u00f5es de euros. Isto atrai jogadores de todo o mundo que acompanham constantemente as not\u00edcias e os \u00faltimos tamanhos de jackpot. Desde que a lotaria foi lan\u00e7ada, mais de 150 milh\u00f5es de pessoas compraram um bilhete, e isso diz tudo!<\/p>\n<h2>A lotaria El Gordo \u00e9 tamb\u00e9m bastante singular \u2013 est\u00e1 dividida em v\u00e1rias rondas:<\/h2>\n<ol>\n<li>H\u00e1 uma ronda de Natal, que se realiza no dia 22 de Dezembro e \u00e9 conhecida por El Gordo Navidad.<\/li>\n<li>O Sorteo Del Nino \u00e9 um sorteio agendado para 6 de janeiro e o sorteio de ver\u00e3o, que n\u00e3o parece ter um nome espec\u00edfico. Estes sorteios anuais contam com pr\u00e9mios ENORMES e pr\u00e9mios m\u00e1ximos.\n<li>E h\u00e1 tamb\u00e9m o sorteio semanal mais comum, com um pr\u00e9mio garantido de 5 milh\u00f5es de euros! Este jackpot \u00e9 conhecido como El Gordo La Primitiva.<br \/>\nO melhor de El Gordo na era da internet \u00e9 que n\u00e3o precisa de ser residente em Espanha para comprar bilhetes. QUALQUER pessoa pode jogar este jogo de lotaria. Comprar um bilhete online \u00e9 uma tarefa f\u00e1cil e pode ser feita por qualquer pessoa com uma liga\u00e7\u00e3o \u00e0 Internet e um meio de pagamento (online).<\/li>\n<\/ol>\n<p>Os rapazes da RedFoxLotto (j\u00e1 agora, este \u00e9 o link para o seu excelente site) lan\u00e7aram um excelente servi\u00e7o e basicamente fazem tudo por si!<br \/>\nH\u00e1 j\u00e1 algum tempo que oferecem um servi\u00e7o de bilhetes de lotaria online f\u00e1cil e funcional. E o mais importante, este servi\u00e7o \u00e9 agrad\u00e1vel, fi\u00e1vel e vale a sua confian\u00e7a. O processo de compra de bilhetes de lotaria online n\u00e3o podia ser mais f\u00e1cil. Uma vez no seu site, o processo de compra \u00e9 praticamente autoexplicativo.<\/p>\n<p>Ah, e j\u00e1 agora, N\u00c3O est\u00e1 restrito apenas a El Gordo. Na verdade, h\u00e1 muito mais do que 30 eventos de lotaria muito atraentes por onde escolher. Depois de criar uma conta no RedFoxLotto, <a href=\"https:\/\/redfoxlotto.com\/lotteries\/\">todos os seus bilhetes de lotaria podem ser adquiridos aqui em segundos!<\/a><\/p>\n<h2>Guia passo a passo para a compra de bilhetes para El Gordo<\/h2>\n<p>Como j\u00e1 dissemos antes, comprar bilhetes online \u00e9 f\u00e1cil. Mas, por precau\u00e7\u00e3o, cri\u00e1mos um guia passo a passo e iremos gui\u00e1-lo durante o processo neste artigo:<\/p>\n<ul>\n<li>Como primeiro passo, clique aqui para aceder ao site da RedFoxLotto. Encontre o bot\u00e3o de inscri\u00e7\u00e3o, clique nele e insira os seus dados pessoais. Isto \u00e9 feito para que os agentes da WinTrillion possam comprar os bilhetes em seu nome, uma vez que tamb\u00e9m apresentar\u00e3o o seu nome<\/li>\n<li>Em alternativa, utilize um dos banners do nosso site para escolher uma lotaria (qualquer lotaria). Se o fizer, pode escolher primeiro os seus n\u00fameros para essa lotaria, comprar o seu bilhete El Gordo online (ou um bilhete para uma lotaria diferente) e criar a sua conta de cliente durante o processo de pagamento e finaliza\u00e7\u00e3o da compra.<\/li>\n<li>Caso contr\u00e1rio, escolha a lotaria na p\u00e1gina inicial do RedFoxLotto<\/li>\n<li>De seguida, poder\u00e1 escolher o n\u00famero de linhas (varia\u00e7\u00f5es num\u00e9ricas) e os sorteios em que pretende participar. Por exemplo, se a lotaria for sorteada duas vezes por semana e escolher 6 sorteios, participar\u00e1 na lotaria durante 3 semanas.<\/li>\n<li>Os pagamentos s\u00e3o f\u00e1ceis e existe uma grande variedade de m\u00e9todos \u00e0 sua disposi\u00e7\u00e3o. Depois de efetuar uma compra e enviar um pagamento, receber\u00e1 um e-mail na sua caixa de entrada com uma primeira confirma\u00e7\u00e3o do seu pedido, incluindo todos os detalhes<\/li>\n<li>O(s) seu(s) bilhete(s) real(ais) ser\u00e1(\u00e3o) enviado(s) para o seu e-mail no prazo de 24 horas, ap\u00f3s a RedFoxLotto o(s) comprar no local. \u00c9 aqui que o RedFoxLotto se destaca da multid\u00e3o: receber\u00e1 uma c\u00f3pia digitalizada do seu bilhete El Gordo com o seu nome. Isto \u00e9 extremamente importante, porque agora pode ter a certeza de que tem um &#8220;contrato&#8221; real com a lotaria. E por isso, pode ter a certeza de que ser\u00e1 pago!<\/li>\n<li>A RedFoxLotto enviar-lhe-\u00e1 novamente um aviso por e-mail, sempre algumas horas antes de cada sorteio. Estas notifica\u00e7\u00f5es incluir\u00e3o tamb\u00e9m uma digitaliza\u00e7\u00e3o do seu bilhete, comprovando que tem um bilhete leg\u00edtimo.<\/li>\n<\/ul>\n<p>Parece suspeito? De maneira nenhuma. A RedFoxLotto serve milhares de pessoas diariamente. Nunca houve qualquer problema com um cliente a receber os seus ganhos ou algo do g\u00e9nero. Lembre-se que todos os bilhetes que comprar na RedFoxLotto ter\u00e3o o seu nome impresso, em cima dos n\u00fameros que selecionou. N\u00e3o h\u00e1 espa\u00e7o para erros e ningu\u00e9m, al\u00e9m de si, poder\u00e1 reivindicar quaisquer ganhos potenciais.<\/p>\n<h2>Sorteios de pr\u00e9mios El Gordo<\/h2>\n<p>Os sorteios da La Primitiva s\u00e3o realizados todas as quintas-feiras e s\u00e1bados, \u00e0s 21h30 CET. S\u00e3o retiradas seis bolas de um tambor com 49 bolas no total. H\u00e1 tamb\u00e9m uma funcionalidade extra: os jogadores t\u00eam de selecionar outro, o s\u00e9timo n\u00famero. \u00c9 tamb\u00e9m conhecida como &#8221;Bola B\u00f3nus&#8221;, que pode ajud\u00e1-lo a ganhar o segundo maior pr\u00e9mio.<\/p>\n<p>O pr\u00e9mio principal do sorteio semanal (jackpot) come\u00e7a nos 3 milh\u00f5es de euros e ser\u00e1 acumulado enquanto ningu\u00e9m ganhar o pr\u00e9mio principal. Existe uma regra interessante, implementada pelo Governo Espanhol \u2013 70% de todas as receitas dos bilhetes de lotaria devem ser adicionadasadicionado ao pr\u00e9mio do Jackpot. Isto garante um crescimento consistente do jackpot e melhora as probabilidades e expectativas de vit\u00f3ria.<\/p>\n<h2>Formas de vencer<\/h2>\n<p>El Gordo La Primitiva apresenta 5 formas ou n\u00edveis de vencer. As probabilidades de ganhar come\u00e7am em 1 em 57 para os pr\u00e9mios mais pequenos e de 1 em 14 milh\u00f5es para o jackpot. Pode parecer muito, mas imagine que mais de 150 milh\u00f5es de f\u00e3s de lotaria j\u00e1 jogaram este jogo \u2013 nada \u00e9 imposs\u00edvel!<\/p>\n<p>Confira abaixo os requisitos de cada combina\u00e7\u00e3o vencedora. O valor exato dos n\u00edveis de pr\u00e9mios n\u00e3o \u00e9 &#8220;definido&#8221;, uma vez que depende do pr\u00e9mio total (por exemplo, n\u00famero de bilhetes vendidos para El Gordo) nessa semana espec\u00edfica.<\/p>\n<p>O pr\u00e9mio principal (Jackpot) ser\u00e1 atribu\u00eddo se os n\u00fameros do seu bilhete corresponderem a todas as 6 bolas do sorteio<br \/>\nO pr\u00e9mio de n\u00edvel 2 (2\u00ba n\u00edvel) \u00e9 atribu\u00eddo se os n\u00fameros do seu boletim corresponderem a 5 n\u00fameros do sorteio principal mais os n\u00fameros da bola b\u00f3nus<br \/>\nO pr\u00e9mio de n\u00edvel 3 (3\u00ba n\u00edvel) \u00e9 atribu\u00eddo se os n\u00fameros do seu bilhete corresponderem a 5 do sorteio principal<br \/>\nO pr\u00e9mio de n\u00edvel 4 (4\u00ba n\u00edvel) \u00e9 atribu\u00eddo se acertar em 4 n\u00fameros do sorteio principal<br \/>\nPor fim, o pr\u00e9mio de n\u00edvel 5 (5\u00aa faixa) \u00e9 atribu\u00eddo se 3 n\u00fameros do seu boletim corresponderem a 3 n\u00fameros do sorteio principal.<\/p>\n<p>O maior pr\u00e9mio de lotaria alguma vez ganho aconteceu em Abril de 2007, quando um sortudo de Monteagudo, Murcio, ganhou 26 milh\u00f5es de euros!<\/p>\n<p>E pode ser o pr\u00f3ximo grande vencedor &#8211; <a href=\"https:\/\/redfoxlotto.com\">visite o RedFoxLotto hoje<\/a> e compre bilhetes da lotaria El Gordo online!<\/p>\n","protected":false},"excerpt":{"rendered":"<p>El Gordo \u00e9 a lotaria mais popular e mais jogada em Espanha. Gera pr\u00e9mios acumulados e pr\u00e9mios m\u00e1ximos que s\u00e3o medidos em milh\u00f5es de euros. Isto atrai jogadores de todo o mundo que acompanham constantemente as not\u00edcias e os \u00faltimos tamanhos de jackpot. Desde que a lotaria foi lan\u00e7ada, mais de 150 milh\u00f5es de pessoas [&hellip;]<\/p>\n","protected":false},"author":1,"featured_media":0,"parent":0,"menu_order":0,"comment_status":"closed","ping_status":"closed","template":"","meta":{"footnotes":""},"class_list":["post-54","page","type-page","status-publish","hentry"],"yoast_head":"<!-- This site is optimized with the Yoast SEO plugin v24.7 - https:\/\/yoast.com\/wordpress\/plugins\/seo\/ -->\n<title>Uma forma segura e fi\u00e1vel de comprar bilhetes para El Gordo online<\/title>\n<meta name=\"robots\" content=\"index, follow, max-snippet:-1, max-image-preview:large, max-video-preview:-1\" \/>\n<link rel=\"canonical\" href=\"http:\/\/elgordoticketsonline.com\/pt-pt\/\" \/>\n<meta property=\"og:locale\" content=\"pt_PT\" \/>\n<meta property=\"og:type\" content=\"article\" \/>\n<meta property=\"og:title\" content=\"Uma forma segura e fi\u00e1vel de comprar bilhetes para El Gordo online\" \/>\n<meta property=\"og:description\" content=\"El Gordo \u00e9 a lotaria mais popular e mais jogada em Espanha. Gera pr\u00e9mios acumulados e pr\u00e9mios m\u00e1ximos que s\u00e3o medidos em milh\u00f5es de euros. Isto atrai jogadores de todo o mundo que acompanham constantemente as not\u00edcias e os \u00faltimos tamanhos de jackpot. Desde que a lotaria foi lan\u00e7ada, mais de 150 milh\u00f5es de pessoas [&hellip;]\" \/>\n<meta property=\"og:url\" content=\"http:\/\/elgordoticketsonline.com\/pt-pt\/\" \/>\n<meta property=\"og:site_name\" content=\"Buy El Gordo Tickets online\" \/>\n<meta name=\"twitter:card\" content=\"summary_large_image\" \/>\n<meta name=\"twitter:label1\" content=\"Tempo estimado de leitura\" \/>\n\t<meta name=\"twitter:data1\" content=\"6 minutos\" \/>\n<script type=\"application\/ld+json\" class=\"yoast-schema-graph\">{\"@context\":\"https:\/\/schema.org\",\"@graph\":[{\"@type\":\"WebPage\",\"@id\":\"http:\/\/elgordoticketsonline.com\/pt-pt\/\",\"url\":\"http:\/\/elgordoticketsonline.com\/pt-pt\/\",\"name\":\"Uma forma segura e fi\u00e1vel de comprar bilhetes para El Gordo online\",\"isPartOf\":{\"@id\":\"http:\/\/elgordoticketsonline.com\/pt-pt\/#website\"},\"datePublished\":\"2024-09-09T14:36:19+00:00\",\"breadcrumb\":{\"@id\":\"http:\/\/elgordoticketsonline.com\/pt-pt\/#breadcrumb\"},\"inLanguage\":\"pt-PT\",\"potentialAction\":[{\"@type\":\"ReadAction\",\"target\":[\"http:\/\/elgordoticketsonline.com\/pt-pt\/\"]}]},{\"@type\":\"BreadcrumbList\",\"@id\":\"http:\/\/elgordoticketsonline.com\/pt-pt\/#breadcrumb\",\"itemListElement\":[{\"@type\":\"ListItem\",\"position\":1,\"name\":\"Home\",\"item\":\"http:\/\/elgordoticketsonline.com\/pt-pt\/\"},{\"@type\":\"ListItem\",\"position\":2,\"name\":\"Casa\"}]},{\"@type\":\"WebSite\",\"@id\":\"http:\/\/elgordoticketsonline.com\/pt-pt\/#website\",\"url\":\"http:\/\/elgordoticketsonline.com\/pt-pt\/\",\"name\":\"Buy El Gordo Tickets online\",\"description\":\"\",\"potentialAction\":[{\"@type\":\"SearchAction\",\"target\":{\"@type\":\"EntryPoint\",\"urlTemplate\":\"http:\/\/elgordoticketsonline.com\/pt-pt\/?s={search_term_string}\"},\"query-input\":{\"@type\":\"PropertyValueSpecification\",\"valueRequired\":true,\"valueName\":\"search_term_string\"}}],\"inLanguage\":\"pt-PT\"}]}<\/script>\n<!-- \/ Yoast SEO plugin. -->","yoast_head_json":{"title":"Uma forma segura e fi\u00e1vel de comprar bilhetes para El Gordo online","robots":{"index":"index","follow":"follow","max-snippet":"max-snippet:-1","max-image-preview":"max-image-preview:large","max-video-preview":"max-video-preview:-1"},"canonical":"http:\/\/elgordoticketsonline.com\/pt-pt\/","og_locale":"pt_PT","og_type":"article","og_title":"Uma forma segura e fi\u00e1vel de comprar bilhetes para El Gordo online","og_description":"El Gordo \u00e9 a lotaria mais popular e mais jogada em Espanha. Gera pr\u00e9mios acumulados e pr\u00e9mios m\u00e1ximos que s\u00e3o medidos em milh\u00f5es de euros. Isto atrai jogadores de todo o mundo que acompanham constantemente as not\u00edcias e os \u00faltimos tamanhos de jackpot. Desde que a lotaria foi lan\u00e7ada, mais de 150 milh\u00f5es de pessoas [&hellip;]","og_url":"http:\/\/elgordoticketsonline.com\/pt-pt\/","og_site_name":"Buy El Gordo Tickets online","twitter_card":"summary_large_image","twitter_misc":{"Tempo estimado de leitura":"6 minutos"},"schema":{"@context":"https:\/\/schema.org","@graph":[{"@type":"WebPage","@id":"http:\/\/elgordoticketsonline.com\/pt-pt\/","url":"http:\/\/elgordoticketsonline.com\/pt-pt\/","name":"Uma forma segura e fi\u00e1vel de comprar bilhetes para El Gordo online","isPartOf":{"@id":"http:\/\/elgordoticketsonline.com\/pt-pt\/#website"},"datePublished":"2024-09-09T14:36:19+00:00","breadcrumb":{"@id":"http:\/\/elgordoticketsonline.com\/pt-pt\/#breadcrumb"},"inLanguage":"pt-PT","potentialAction":[{"@type":"ReadAction","target":["http:\/\/elgordoticketsonline.com\/pt-pt\/"]}]},{"@type":"BreadcrumbList","@id":"http:\/\/elgordoticketsonline.com\/pt-pt\/#breadcrumb","itemListElement":[{"@type":"ListItem","position":1,"name":"Home","item":"http:\/\/elgordoticketsonline.com\/pt-pt\/"},{"@type":"ListItem","position":2,"name":"Casa"}]},{"@type":"WebSite","@id":"http:\/\/elgordoticketsonline.com\/pt-pt\/#website","url":"http:\/\/elgordoticketsonline.com\/pt-pt\/","name":"Buy El Gordo Tickets online","description":"","potentialAction":[{"@type":"SearchAction","target":{"@type":"EntryPoint","urlTemplate":"http:\/\/elgordoticketsonline.com\/pt-pt\/?s={search_term_string}"},"query-input":{"@type":"PropertyValueSpecification","valueRequired":true,"valueName":"search_term_string"}}],"inLanguage":"pt-PT"}]}},"_links":{"self":[{"href":"http:\/\/elgordoticketsonline.com\/pt-pt\/wp-json\/wp\/v2\/pages\/54","targetHints":{"allow":["GET"]}}],"collection":[{"href":"http:\/\/elgordoticketsonline.com\/pt-pt\/wp-json\/wp\/v2\/pages"}],"about":[{"href":"http:\/\/elgordoticketsonline.com\/pt-pt\/wp-json\/wp\/v2\/types\/page"}],"author":[{"embeddable":true,"href":"http:\/\/elgordoticketsonline.com\/pt-pt\/wp-json\/wp\/v2\/users\/1"}],"replies":[{"embeddable":true,"href":"http:\/\/elgordoticketsonline.com\/pt-pt\/wp-json\/wp\/v2\/comments?post=54"}],"version-history":[{"count":0,"href":"http:\/\/elgordoticketsonline.com\/pt-pt\/wp-json\/wp\/v2\/pages\/54\/revisions"}],"wp:attachment":[{"href":"http:\/\/elgordoticketsonline.com\/pt-pt\/wp-json\/wp\/v2\/media?parent=54"}],"curies":[{"name":"wp","href":"https:\/\/api.w.org\/{rel}","templated":true}]}}