{"id":53,"date":"2024-09-09T15:36:19","date_gmt":"2024-09-09T14:36:19","guid":{"rendered":"http:\/\/elgordoticketsonline.com\/dom\/"},"modified":"2024-09-09T15:36:19","modified_gmt":"2024-09-09T14:36:19","slug":"dom","status":"publish","type":"page","link":"http:\/\/elgordoticketsonline.com\/pl\/","title":{"rendered":"Dom"},"content":{"rendered":"<p>El Gordo to najpopularniejsza i najcz\u0119\u015bciej rozgrywana loteria w Hiszpanii. Generuje pule nagr\u00f3d i g\u0142\u00f3wne wygrane mierzone w milionach euro. Przyci\u0105ga graczy z ca\u0142ego \u015bwiata, kt\u00f3rzy stale \u015bledz\u0105 wiadomo\u015bci i najnowsze wielko\u015bci jackpot\u00f3w. Od czasu uruchomienia loterii ponad 150 milion\u00f3w ludzi kupi\u0142o los, a to m\u00f3wi wszystko!<\/p>\n<h2>Loteria El Gordo jest r\u00f3wnie\u017c do\u015b\u0107 wyj\u0105tkowa \u2013 dzieli si\u0119 na kilka rund:<\/h2>\n<ol>\n<li>Istnieje runda \u015bwi\u0105teczna, kt\u00f3ra odbywa si\u0119 22 grudnia i jest znana jako El Gordo Navidad.<\/li>\n<li>Sorteo Del Nino to losowanie zaplanowane na 6 stycznia i losowanie letnie, kt\u00f3re wydaje si\u0119 nie mie\u0107 konkretnej nazwy. Te coroczne losowania oferuj\u0105 OGROMNE pule nagr\u00f3d i g\u0142\u00f3wne nagrody.<\/li>\n<li>I jest te\u017c bardziej powszechne, cotygodniowe losowanie nagr\u00f3d z gwarantowan\u0105 pul\u0105 nagr\u00f3d w wysoko\u015bci 5 milion\u00f3w euro! Ta kumulacja jest znana jako El Gordo La Primitiva.<br \/>\nNajlepsz\u0105 rzecz\u0105 w El Gordo w dobie Internetu jest to, \u017ce nie musisz by\u0107 rezydentem Hiszpanii, aby kupi\u0107 losy. KA\u017bDY mo\u017ce gra\u0107 w t\u0119 loteri\u0119. Kupno losu online jest \u0142atwym zadaniem i mo\u017ce to zrobi\u0107 ka\u017cdy, kto ma po\u0142\u0105czenie z Internetem i \u015brodek p\u0142atno\u015bci (online).<\/li>\n<\/ol>\n<p>Faceci z RedFoxLotto (to, nawiasem m\u00f3wi\u0105c, jest link do ich \u015bwietnej strony internetowej) uruchomili znakomit\u0105 us\u0142ug\u0119 i zasadniczo robi\u0105 wszystko za Ciebie!<br \/>\nOd d\u0142u\u017cszego czasu oferuj\u0105 \u0142atw\u0105, funkcjonaln\u0105 us\u0142ug\u0119 losowania los\u00f3w online. A co najwa\u017cniejsze, ta us\u0142uga jest legalna, niezawodna i warta zaufania. Proces kupowania los\u00f3w online nie m\u00f3g\u0142by by\u0107 \u0142atwiejszy. Po wej\u015bciu na ich stron\u0119 internetow\u0105 proces zakupu jest w zasadzie samowyja\u015bniaj\u0105cy.<\/p>\n<p>Och, i nawiasem m\u00f3wi\u0105c &#8211; NIE jeste\u015b ograniczony tylko do El Gordo &#8211; w rzeczywisto\u015bci jest o wiele wi\u0119cej ni\u017c 30 bardzo atrakcyjnych wydarze\u0144 loteryjnych do wyboru. Po za\u0142o\u017ceniu konta w RedFoxLotto, <a href=\"https:\/\/redfoxlotto.com\/lotteries\/\">wszystkie Twoje losy na loteri\u0119 mog\u0105 zosta\u0107 kupione tutaj w ci\u0105gu kilku sekund!<\/a><\/p>\n<h2>Przewodnik krok po kroku po zakupie los\u00f3w El Gordo<\/h2>\n<p>Jak ju\u017c wcze\u015bniej m\u00f3wili\u015bmy, kupowanie los\u00f3w online jest proste. Ale na wszelki wypadek stworzyli\u015bmy przewodnik krok po kroku i przeprowadzimy Ci\u0119 przez proces w tym artykule:<\/p>\n<ul>\n<li>Jako pierwszy krok kliknij tutaj, aby przej\u015b\u0107 na stron\u0119 internetow\u0105 RedFoxLotto. Znajd\u017a przycisk rejestracji, kliknij go i wprowad\u017a swoje dane osobowe. Dzi\u0119ki temu agenci WinTrillion b\u0119d\u0105 mogli kupi\u0107 losy w Twoim imieniu, poniewa\u017c b\u0119d\u0105 one r\u00f3wnie\u017c zawiera\u0142y Twoje imi\u0119 i nazwisko<\/li>\n<li>Alternatywnie, u\u017cyj jednego z baner\u00f3w na naszej stronie, aby wybra\u0107 loteri\u0119 (dowoln\u0105 loteri\u0119). Je\u015bli to zrobisz, b\u0119dziesz m\u00f3g\u0142 najpierw wybra\u0107 swoje numery na t\u0119 loteri\u0119, kupi\u0107 bilet El Gordo online (lub bilet na inn\u0105 loteri\u0119) i utworzy\u0107 konto klienta podczas procesu p\u0142atno\u015bci i realizacji transakcji<\/li>\n<li>W przeciwnym razie wybierz loteri\u0119 ze strony startowej RedFoxLotto<\/li>\n<li>Nast\u0119pnie b\u0119dziesz m\u00f3g\u0142 wybra\u0107 liczb\u0119 linii (wariant\u00f3w liczb) i losowa\u0144 nagr\u00f3d, w kt\u00f3rych chcesz wzi\u0105\u0107 udzia\u0142. Na przyk\u0142ad, je\u015bli loteria jest losowana dwa razy w tygodniu i wybierzesz 6 losowa\u0144, b\u0119dziesz uczestniczy\u0107 w loterii przez 3 tygodnie<\/li>\n<li>P\u0142atno\u015bci s\u0105 \u0142atwe i masz do dyspozycji szeroki wachlarz metod. Po dokonaniu zakupu i wys\u0142aniu p\u0142atno\u015bci otrzymasz wiadomo\u015b\u0107 e-mail w swojej skrzynce odbiorczej z pierwszym potwierdzeniem zam\u00f3wienia, zawieraj\u0105cym wszystkie szczeg\u00f3\u0142y<\/li>\n<li>Tw\u00f3j rzeczywisty bilet lub bilety zostan\u0105 wys\u0142ane na Tw\u00f3j adres e-mail w ci\u0105gu 24 godzin od momentu, gdy RedFoxLotto kupi je na stronie. To jest ta cz\u0119\u015b\u0107, w kt\u00f3rej RedFoxLotto wyr\u00f3\u017cnia si\u0119 na tle innych: otrzymasz zeskanowan\u0105 kopi\u0119 swojego kuponu El Gordo ze swoim imieniem. To niezwykle wa\u017cne, poniewa\u017c teraz mo\u017cesz mie\u0107 pewno\u015b\u0107, \u017ce masz prawdziwy \u201ekontrakt\u201d z loteri\u0105. I dzi\u0119ki temu mo\u017cesz mie\u0107 pewno\u015b\u0107, \u017ce otrzymasz zap\u0142at\u0119!<\/li>\n<li>RedFoxLotto ponownie wy\u015ble \u200b\u200bCi powiadomienie e-mail, zawsze kilka godzin przed ka\u017cdym losowaniem nagr\u00f3d. Powiadomienia te b\u0119d\u0105 r\u00f3wnie\u017c zawiera\u0107 skan Twojego kuponu, co b\u0119dzie dowodem na to, \u017ce masz legalny kupon.<\/li>\n<\/ul>\n<p>Wydaje si\u0119 podejrzane? Wcale nie. RedFoxLotto obs\u0142uguje codziennie tysi\u0105ce os\u00f3b. Nigdy nie by\u0142o problemu z tym, aby klient otrzyma\u0142 swoj\u0105 wygran\u0105 lub co\u015b w tym stylu. Pami\u0119taj, \u017ce wszystkie zakupione przez Ciebie kupony w RedFoxLotto b\u0119d\u0105 mia\u0142y Twoje imi\u0119 i nazwisko nadrukowane na wybranych przez Ciebie liczbach. Nie ma miejsca na b\u0142\u0105d i nikt inny opr\u00f3cz Ciebie nie b\u0119dzie m\u00f3g\u0142 odebra\u0107 potencjalnych wygranych. <\/p>\n<h2>Losowanie nagr\u00f3d El Gordo<\/h2>\n<p>Losowanie nagr\u00f3d La Primitiva odbywa si\u0119 w ka\u017cdy czwartek i sobot\u0119 o 21:30 CET. Losowanych jest sze\u015b\u0107 kul z b\u0119bna zawieraj\u0105cego \u0142\u0105cznie 49 kul. Jest te\u017c dodatkowa funkcja \u2013 gracze musz\u0105 wybra\u0107 inn\u0105, si\u00f3dm\u0105 liczb\u0119. Jest to znane r\u00f3wnie\u017c jako &#8221;Bonus Ball&#8221;, kt\u00f3ra mo\u017ce pom\u00f3c Ci wygra\u0107 drug\u0105 co do wielko\u015bci nagrod\u0119.<\/p>\n<p>Tygodniowa g\u0142\u00f3wna nagroda losowania nagr\u00f3d (jackpot) zaczyna si\u0119 od 3 milion\u00f3w euro i b\u0119dzie kumulowana, dop\u00f3ki nikt nie wygra nagrody najwy\u017cszego stopnia. Istnieje mi\u0142a zasada wprowadzona przez rz\u0105d Hiszpanii \u2013 70% wszystkich dochod\u00f3w z los\u00f3w loterii musi zosta\u0107 dodanedo puli nagr\u00f3d Jackpot. Gwarantuje to sta\u0142y wzrost puli nagr\u00f3d i zwi\u0119ksza szanse i oczekiwania dotycz\u0105ce wygranej.<\/p>\n<h2>Sposoby na wygran\u0105<\/h2>\n<p>El Gordo La Primitiva oferuje 5 sposob\u00f3w lub poziom\u00f3w na wygran\u0105. Szanse na wygran\u0105 zaczynaj\u0105 si\u0119 od 1 do 57 dla najmniejszych nagr\u00f3d i od 1 do 14 milion\u00f3w dla jackpota. Mo\u017ce si\u0119 to wydawa\u0107 du\u017co, ale wyobra\u017a sobie, \u017ce w t\u0119 gr\u0119 gra\u0142o ponad 150 milion\u00f3w fan\u00f3w loterii \u2013 nic nie jest niemo\u017cliwe!<\/p>\n<p>Znajd\u017a poni\u017cej wymagania dla ka\u017cdej zwyci\u0119skiej kombinacji. Dok\u0142adna wysoko\u015b\u0107 poziom\u00f3w nagr\u00f3d nie jest \u201eustalona na sta\u0142e\u201d, poniewa\u017c zale\u017cy od puli nagr\u00f3d (np. liczby sprzedanych los\u00f3w El Gordo) w danym tygodniu.<\/p>\n<p>G\u0142\u00f3wna nagroda (Jackpot) zostanie przyznana, je\u015bli liczby na Twoim kuponie b\u0119d\u0105 pasowa\u0107 do wszystkich 6 kul w losowaniu<br \/>\nNagroda poziomu 2 (2. poziom) zostanie przyznana, je\u015bli liczby na Twoim kuponie b\u0119d\u0105 pasowa\u0107 do 5 liczb w losowaniu g\u0142\u00f3wnym plus liczby kuli bonusowej<br \/>\nNagroda poziomu 3 (3. poziom) zostanie przyznana, je\u015bli liczby na Twoim kuponie b\u0119d\u0105 pasowa\u0107 do 5 liczb w losowaniu g\u0142\u00f3wnym<br \/>\nNagroda poziomu 4 (4. poziom) zostanie przyznana, je\u015bli trafisz 4 liczby w losowaniu g\u0142\u00f3wnym<br \/>\nWreszcie nagroda poziomu 5 (5. poziom) zostanie przyznana, je\u015bli 3 liczby na Twoim kuponie b\u0119d\u0105 pasowa\u0107 do 3 liczb w losowaniu g\u0142\u00f3wnym.<\/p>\n<p>Najwi\u0119ksza wygrana w lotto mia\u0142a miejsce w kwietniu 2007 roku, kiedy to szcz\u0119\u015bciarz z Monteagudo, Murcio wygra\u0142 26 milion\u00f3w euro!<\/p>\n<p>I Ty mo\u017cesz zosta\u0107 kolejnym wielkim zwyci\u0119zc\u0105 &#8211; <a href=\"https:\/\/redfoxlotto.com\">odwied\u017a RedFoxLotto ju\u017c dzi\u015b<\/a> i kup losy na loteri\u0119 El Gordo online!<\/p>\n","protected":false},"excerpt":{"rendered":"<p>El Gordo to najpopularniejsza i najcz\u0119\u015bciej rozgrywana loteria w Hiszpanii. Generuje pule nagr\u00f3d i g\u0142\u00f3wne wygrane mierzone w milionach euro. Przyci\u0105ga graczy z ca\u0142ego \u015bwiata, kt\u00f3rzy stale \u015bledz\u0105 wiadomo\u015bci i najnowsze wielko\u015bci jackpot\u00f3w. Od czasu uruchomienia loterii ponad 150 milion\u00f3w ludzi kupi\u0142o los, a to m\u00f3wi wszystko! Loteria El Gordo jest r\u00f3wnie\u017c do\u015b\u0107 wyj\u0105tkowa \u2013 [&hellip;]<\/p>\n","protected":false},"author":1,"featured_media":0,"parent":0,"menu_order":0,"comment_status":"closed","ping_status":"closed","template":"","meta":{"footnotes":""},"class_list":["post-53","page","type-page","status-publish","hentry"],"yoast_head":"<!-- This site is optimized with the Yoast SEO plugin v24.7 - https:\/\/yoast.com\/wordpress\/plugins\/seo\/ -->\n<title>Bezpieczny i niezawodny spos\u00f3b zakupu bilet\u00f3w na El Gordo online<\/title>\n<meta name=\"robots\" content=\"index, follow, max-snippet:-1, max-image-preview:large, max-video-preview:-1\" \/>\n<link rel=\"canonical\" href=\"http:\/\/elgordoticketsonline.com\/pl\/\" \/>\n<meta property=\"og:locale\" content=\"pl_PL\" \/>\n<meta property=\"og:type\" content=\"article\" \/>\n<meta property=\"og:title\" content=\"Bezpieczny i niezawodny spos\u00f3b zakupu bilet\u00f3w na El Gordo online\" \/>\n<meta property=\"og:description\" content=\"El Gordo to najpopularniejsza i najcz\u0119\u015bciej rozgrywana loteria w Hiszpanii. Generuje pule nagr\u00f3d i g\u0142\u00f3wne wygrane mierzone w milionach euro. Przyci\u0105ga graczy z ca\u0142ego \u015bwiata, kt\u00f3rzy stale \u015bledz\u0105 wiadomo\u015bci i najnowsze wielko\u015bci jackpot\u00f3w. Od czasu uruchomienia loterii ponad 150 milion\u00f3w ludzi kupi\u0142o los, a to m\u00f3wi wszystko! Loteria El Gordo jest r\u00f3wnie\u017c do\u015b\u0107 wyj\u0105tkowa \u2013 [&hellip;]\" \/>\n<meta property=\"og:url\" content=\"http:\/\/elgordoticketsonline.com\/pl\/\" \/>\n<meta property=\"og:site_name\" content=\"Buy El Gordo Tickets online\" \/>\n<meta name=\"twitter:card\" content=\"summary_large_image\" \/>\n<meta name=\"twitter:label1\" content=\"Szacowany czas czytania\" \/>\n\t<meta name=\"twitter:data1\" content=\"6 minut\" \/>\n<script type=\"application\/ld+json\" class=\"yoast-schema-graph\">{\"@context\":\"https:\/\/schema.org\",\"@graph\":[{\"@type\":\"WebPage\",\"@id\":\"http:\/\/elgordoticketsonline.com\/pl\/\",\"url\":\"http:\/\/elgordoticketsonline.com\/pl\/\",\"name\":\"Bezpieczny i niezawodny spos\u00f3b zakupu bilet\u00f3w na El Gordo online\",\"isPartOf\":{\"@id\":\"http:\/\/elgordoticketsonline.com\/pl\/#website\"},\"datePublished\":\"2024-09-09T14:36:19+00:00\",\"breadcrumb\":{\"@id\":\"http:\/\/elgordoticketsonline.com\/pl\/#breadcrumb\"},\"inLanguage\":\"pl-PL\",\"potentialAction\":[{\"@type\":\"ReadAction\",\"target\":[\"http:\/\/elgordoticketsonline.com\/pl\/\"]}]},{\"@type\":\"BreadcrumbList\",\"@id\":\"http:\/\/elgordoticketsonline.com\/pl\/#breadcrumb\",\"itemListElement\":[{\"@type\":\"ListItem\",\"position\":1,\"name\":\"Home\",\"item\":\"http:\/\/elgordoticketsonline.com\/pl\/\"},{\"@type\":\"ListItem\",\"position\":2,\"name\":\"Dom\"}]},{\"@type\":\"WebSite\",\"@id\":\"http:\/\/elgordoticketsonline.com\/pl\/#website\",\"url\":\"http:\/\/elgordoticketsonline.com\/pl\/\",\"name\":\"Buy El Gordo Tickets online\",\"description\":\"\",\"potentialAction\":[{\"@type\":\"SearchAction\",\"target\":{\"@type\":\"EntryPoint\",\"urlTemplate\":\"http:\/\/elgordoticketsonline.com\/pl\/?s={search_term_string}\"},\"query-input\":{\"@type\":\"PropertyValueSpecification\",\"valueRequired\":true,\"valueName\":\"search_term_string\"}}],\"inLanguage\":\"pl-PL\"}]}<\/script>\n<!-- \/ Yoast SEO plugin. -->","yoast_head_json":{"title":"Bezpieczny i niezawodny spos\u00f3b zakupu bilet\u00f3w na El Gordo online","robots":{"index":"index","follow":"follow","max-snippet":"max-snippet:-1","max-image-preview":"max-image-preview:large","max-video-preview":"max-video-preview:-1"},"canonical":"http:\/\/elgordoticketsonline.com\/pl\/","og_locale":"pl_PL","og_type":"article","og_title":"Bezpieczny i niezawodny spos\u00f3b zakupu bilet\u00f3w na El Gordo online","og_description":"El Gordo to najpopularniejsza i najcz\u0119\u015bciej rozgrywana loteria w Hiszpanii. Generuje pule nagr\u00f3d i g\u0142\u00f3wne wygrane mierzone w milionach euro. Przyci\u0105ga graczy z ca\u0142ego \u015bwiata, kt\u00f3rzy stale \u015bledz\u0105 wiadomo\u015bci i najnowsze wielko\u015bci jackpot\u00f3w. Od czasu uruchomienia loterii ponad 150 milion\u00f3w ludzi kupi\u0142o los, a to m\u00f3wi wszystko! Loteria El Gordo jest r\u00f3wnie\u017c do\u015b\u0107 wyj\u0105tkowa \u2013 [&hellip;]","og_url":"http:\/\/elgordoticketsonline.com\/pl\/","og_site_name":"Buy El Gordo Tickets online","twitter_card":"summary_large_image","twitter_misc":{"Szacowany czas czytania":"6 minut"},"schema":{"@context":"https:\/\/schema.org","@graph":[{"@type":"WebPage","@id":"http:\/\/elgordoticketsonline.com\/pl\/","url":"http:\/\/elgordoticketsonline.com\/pl\/","name":"Bezpieczny i niezawodny spos\u00f3b zakupu bilet\u00f3w na El Gordo online","isPartOf":{"@id":"http:\/\/elgordoticketsonline.com\/pl\/#website"},"datePublished":"2024-09-09T14:36:19+00:00","breadcrumb":{"@id":"http:\/\/elgordoticketsonline.com\/pl\/#breadcrumb"},"inLanguage":"pl-PL","potentialAction":[{"@type":"ReadAction","target":["http:\/\/elgordoticketsonline.com\/pl\/"]}]},{"@type":"BreadcrumbList","@id":"http:\/\/elgordoticketsonline.com\/pl\/#breadcrumb","itemListElement":[{"@type":"ListItem","position":1,"name":"Home","item":"http:\/\/elgordoticketsonline.com\/pl\/"},{"@type":"ListItem","position":2,"name":"Dom"}]},{"@type":"WebSite","@id":"http:\/\/elgordoticketsonline.com\/pl\/#website","url":"http:\/\/elgordoticketsonline.com\/pl\/","name":"Buy El Gordo Tickets online","description":"","potentialAction":[{"@type":"SearchAction","target":{"@type":"EntryPoint","urlTemplate":"http:\/\/elgordoticketsonline.com\/pl\/?s={search_term_string}"},"query-input":{"@type":"PropertyValueSpecification","valueRequired":true,"valueName":"search_term_string"}}],"inLanguage":"pl-PL"}]}},"_links":{"self":[{"href":"http:\/\/elgordoticketsonline.com\/pl\/wp-json\/wp\/v2\/pages\/53","targetHints":{"allow":["GET"]}}],"collection":[{"href":"http:\/\/elgordoticketsonline.com\/pl\/wp-json\/wp\/v2\/pages"}],"about":[{"href":"http:\/\/elgordoticketsonline.com\/pl\/wp-json\/wp\/v2\/types\/page"}],"author":[{"embeddable":true,"href":"http:\/\/elgordoticketsonline.com\/pl\/wp-json\/wp\/v2\/users\/1"}],"replies":[{"embeddable":true,"href":"http:\/\/elgordoticketsonline.com\/pl\/wp-json\/wp\/v2\/comments?post=53"}],"version-history":[{"count":0,"href":"http:\/\/elgordoticketsonline.com\/pl\/wp-json\/wp\/v2\/pages\/53\/revisions"}],"wp:attachment":[{"href":"http:\/\/elgordoticketsonline.com\/pl\/wp-json\/wp\/v2\/media?parent=53"}],"curies":[{"name":"wp","href":"https:\/\/api.w.org\/{rel}","templated":true}]}}