{"id":51,"date":"2024-09-09T15:36:19","date_gmt":"2024-09-09T14:36:19","guid":{"rendered":"http:\/\/elgordoticketsonline.com\/hjem\/"},"modified":"2024-09-09T15:36:19","modified_gmt":"2024-09-09T14:36:19","slug":"hjem","status":"publish","type":"page","link":"http:\/\/elgordoticketsonline.com\/no\/","title":{"rendered":"Hjem"},"content":{"rendered":"<p>El Gordo er det mest popul\u00e6re og mest spilte lotteriet i Spania. Det genererer premiepotter og topppremier som m\u00e5les i millioner av euro. Dette tiltrekker seg spillere over hele verden som kontinuerlig f\u00f8lger med p\u00e5 nyhetene og den siste jackpotst\u00f8rrelsen. Siden lotteriet ble lansert har mer enn 150 millioner mennesker kj\u00f8pt en billett, og det sier alt!<\/p>\n<h2>El Gordo-lotteriet er ogs\u00e5 ganske unikt \u2013 det er delt inn i flere runder:<\/h2>\n<ol>\n<li>Det er en julerunde som finner sted 22. desember og er kjent som El Gordo Navidad.<\/li>\n<li>Sorteo Del Nino er en trekning planlagt 6. januar og sommertrekningen, som ikke ser ut til \u00e5 ha et spesifikt navn. Disse \u00e5rlige trekningene har STORE premiepotter og topppremier.<\/li>\n<li>Og s\u00e5 er det ogs\u00e5 den mer vanlige, ukentlige premietrekningen med en garantert jackpot p\u00e5 5 millioner euro! Denne jackpotten er kjent som El Gordo La Primitiva.<br \/>\nDet beste med El Gordo i internettets tidsalder er at du ikke trenger \u00e5 v\u00e6re bosatt i Spania for \u00e5 kj\u00f8pe lodd. ALLE kan spille dette lotterispillet. \u00c5 kj\u00f8pe en lodd p\u00e5 nett er en enkel oppgave, og kan gj\u00f8res av alle med internettforbindelse og en (online) betalingsm\u00e5te.<\/li>\n<\/ol>\n<p>Gutta hos RedFoxLotto (dette er forresten lenken til deres flotte nettsted) har lansert en fantastisk tjeneste og gj\u00f8r i utgangspunktet alt for deg!<br \/>\nDe har i en god stund tilbudt en enkel, funksjonell lotto-loddtjeneste p\u00e5 nett. Og viktigst av alt, denne tjenesten er lovlig, p\u00e5litelig og verdt din tillit. Prosessen med \u00e5 kj\u00f8pe lotto-lodd p\u00e5 nett kunne ikke v\u00e6rt enklere. N\u00e5r du f\u00f8rst er p\u00e5 nettstedet deres, er kj\u00f8psprosessen ganske selvforklarende.<\/p>\n<p>\u00c5, og forresten &#8211; du er IKKE begrenset til bare El Gordo &#8211; det er faktisk mye mer enn 30 sv\u00e6rt attraktive lottoarrangementer \u00e5 velge mellom. N\u00e5r du har en konto hos RedFoxLotto, <a href=\"https:\/\/redfoxlotto.com\/lotteries\/\">kan alle loddene dine kj\u00f8pes her p\u00e5 sekunder!<\/a><\/p>\n<h2>Steg-for-steg-guide til kj\u00f8p av El Gordo-lodd<\/h2>\n<p>Som vi fortalte deg tidligere, er det enkelt \u00e5 kj\u00f8pe lodd p\u00e5 nett. Men bare i tilfelle har vi laget en steg-for-steg-guide og vil lede deg gjennom prosessen i denne artikkelen:<\/p>\n<ul>\n<li>Som det f\u00f8rste trinnet, klikk her for \u00e5 g\u00e5 til RedFoxLottos nettsted. Finn registreringsknappen, klikk p\u00e5 den og skriv inn dine personlige opplysninger. Dette gj\u00f8res slik at WinTrillion-agenter kan kj\u00f8pe loddene p\u00e5 dine vegne, da disse ogs\u00e5 vil inneholde navnet ditt<\/li>\n<li>Alternativt kan du bruke en av bannerne p\u00e5 nettstedet v\u00e5rt for \u00e5 velge et lotteri (hvilket som helst lotteri). Hvis du gj\u00f8r dette, vil du f\u00f8rst kunne velge tallene dine til det lotteriet, kj\u00f8pe El Gordo-kupongen din p\u00e5 nett (eller en billett til et annet lotto) og opprette kundekontoen din under betalings- og kasseprosessen.<\/li>\n<li>Ellers velger du lotteriet fra startsiden til RedFoxLotto.<\/li>\n<li>Deretter vil du kunne velge antall linjer (tallvariasjoner) og premietrekninger du vil delta i. Hvis for eksempel lotteriet trekkes to ganger i uken, og du velger 6 trekninger, vil du delta i lotteriet i 3 uker.<\/li>\n<li>Betalinger er enkle, og det finnes et bredt spekter av metoder til din disposisjon. N\u00e5r du har foretatt et kj\u00f8p og sendt en betaling, vil du f\u00e5 en e-post i innboksen din med en f\u00f8rste bekreftelse p\u00e5 bestillingen din, inkludert alle detaljer.<\/li>\n<li>Din faktiske billett eller dine billetter vil deretter bli sendt til e-posten din innen 24 timer, etter at RedFoxLotto har kj\u00f8pt den p\u00e5 nettstedet. Det er her RedFoxLotto skiller seg ut fra mengden: Du vil f\u00e5 en skannet kopi av El Gordo-kupongen din med ditt eget navn p\u00e5. Dette er ekstremt viktig, for n\u00e5 kan du v\u00e6re sikker p\u00e5 at du har en ekte &laquo;kontrakt&raquo; med lotteriet. OG p\u00e5 grunn av dette kan du v\u00e6re sikker p\u00e5 at du f\u00e5r betalt!<\/li>\n<li>RedFoxLotto vil igjen sende deg en e-postvarsel, alltid noen timer f\u00f8r hver trekning finner sted. Disse varslene vil ogs\u00e5 inkludere en skanning av kupongen din, som beviser at du har en ekte kupong.<\/li>\n<\/ul>\n<p>Virker det mistenkelig? Ikke i det hele tatt. RedFoxLotto betjener tusenvis av mennesker daglig. Det har aldri v\u00e6rt noe problem med at en kunde f\u00e5r gevinstene sine eller noe lignende. Husk at alle kuponger du kj\u00f8per hos RedFoxLotto vil ha navnet ditt trykt p\u00e5 dem, opp\u00e5 tallene du har valgt. Det er ikke rom for feil, og ingen andre enn du vil kunne kreve potensielle gevinster.<\/p>\n<h2>El Gordo-premietrekningene<\/h2>\n<p>La Primitiva-premietrekningene avholdes hver torsdag og l\u00f8rdag kl. 21:30 CET. Seks kuler trekkes fra en trommel med totalt 49 kuler. Det er ogs\u00e5 en ekstra funksjon \u2013 spillerne m\u00e5 velge et annet, syvende tall. Dette er ogs\u00e5 kjent som \u00abbonuskulen\u00bb, som kan hjelpe deg med \u00e5 vinne den nest st\u00f8rste premien.<\/p>\n<p>Ukentlig premietreknings toppremie (jackpot) starter p\u00e5 3 millioner euro og vil bli overf\u00f8rt s\u00e5 lenge ingen vinner topppremien. Det er en fin regel, implementert av den spanske regjeringen \u2013 70 % av all inntekt fra loddene m\u00e5 legges til.til Jackpot-premiepotten. Dette garanterer en jevn vekst i jackpotten, og forbedrer oddsen og vinnerforventningene.<\/p>\n<h2>M\u00e5ter \u00e5 vinne p\u00e5<\/h2>\n<p>El Gordo La Primitiva har 5 m\u00e5ter eller niv\u00e5er \u00e5 vinne p\u00e5. Oddsen for \u00e5 vinne starter fra 1 til 57 for de minste premiene og 1 til 14 millioner for jackpotten. Dette kan virke mye, men tenk deg at mer enn 150 millioner lottofans har spilt dette spillet \u2013 ingenting er umulig!<\/p>\n<p>Finn kravene for hver vinnerkombinasjon nedenfor. Det n\u00f8yaktige bel\u00f8pet for premieniv\u00e5ene er ikke &laquo;hugget i stein&raquo;, siden de avhenger av premiepotten (f.eks. antall solgte El Gordo-billetter) i den aktuelle uken.<\/p>\n<p>Toppremien (jackpotten) deles ut hvis tallene p\u00e5 kupongen din matcher alle 6 ballene i trekningen.<\/p>\n<p>Niv\u00e5 2-premien (2. niv\u00e5) deles ut hvis tallene p\u00e5 kupongen din matcher 5 tall i hovedtrekningen pluss tallene p\u00e5 bonusballen.<\/p>\n<p>Niv\u00e5 3-premien (3. niv\u00e5) deles ut hvis tallene p\u00e5 kupongen din matcher 5 tall i hovedtrekningen.<\/p>\n<p>Niv\u00e5 4-premien (4. niv\u00e5) deles ut hvis du treffer 4 tall i hovedtrekningen.<\/p>\n<p>Til slutt deles niv\u00e5 5-premien (5. niv\u00e5) ut hvis 3 tall p\u00e5 kupongen din matcher 3 av hovedtrekningstallene.<\/p>\n<p>Den st\u00f8rste lottojackpotten som noensinne er vunnet, skjedde i april 2007, da en heldig fyr fra Monteagudo, Murcio vant 26 millioner euro!<\/p>\n<p>Og du kan bli den neste store vinneren &#8211; <a href=\"https:\/\/redfoxlotto.com\">bes\u00f8k RedFoxLotto i dag<\/a> og kj\u00f8p El Gordo-lotteribilletter p\u00e5 nett!<\/p>\n","protected":false},"excerpt":{"rendered":"<p>El Gordo er det mest popul\u00e6re og mest spilte lotteriet i Spania. Det genererer premiepotter og topppremier som m\u00e5les i millioner av euro. Dette tiltrekker seg spillere over hele verden som kontinuerlig f\u00f8lger med p\u00e5 nyhetene og den siste jackpotst\u00f8rrelsen. Siden lotteriet ble lansert har mer enn 150 millioner mennesker kj\u00f8pt en billett, og det [&hellip;]<\/p>\n","protected":false},"author":1,"featured_media":0,"parent":0,"menu_order":0,"comment_status":"closed","ping_status":"closed","template":"","meta":{"footnotes":""},"class_list":["post-51","page","type-page","status-publish","hentry"],"yoast_head":"<!-- This site is optimized with the Yoast SEO plugin v24.7 - https:\/\/yoast.com\/wordpress\/plugins\/seo\/ -->\n<title>En sikker og p\u00e5litelig m\u00e5te \u00e5 kj\u00f8pe El Gordo-billetter p\u00e5 nett<\/title>\n<meta name=\"robots\" content=\"index, follow, max-snippet:-1, max-image-preview:large, max-video-preview:-1\" \/>\n<link rel=\"canonical\" href=\"http:\/\/elgordoticketsonline.com\/no\/\" \/>\n<meta property=\"og:locale\" content=\"nb_NO\" \/>\n<meta property=\"og:type\" content=\"article\" \/>\n<meta property=\"og:title\" content=\"En sikker og p\u00e5litelig m\u00e5te \u00e5 kj\u00f8pe El Gordo-billetter p\u00e5 nett\" \/>\n<meta property=\"og:description\" content=\"El Gordo er det mest popul\u00e6re og mest spilte lotteriet i Spania. Det genererer premiepotter og topppremier som m\u00e5les i millioner av euro. Dette tiltrekker seg spillere over hele verden som kontinuerlig f\u00f8lger med p\u00e5 nyhetene og den siste jackpotst\u00f8rrelsen. Siden lotteriet ble lansert har mer enn 150 millioner mennesker kj\u00f8pt en billett, og det [&hellip;]\" \/>\n<meta property=\"og:url\" content=\"http:\/\/elgordoticketsonline.com\/no\/\" \/>\n<meta property=\"og:site_name\" content=\"Buy El Gordo Tickets online\" \/>\n<meta name=\"twitter:card\" content=\"summary_large_image\" \/>\n<meta name=\"twitter:label1\" content=\"Ansl. lesetid\" \/>\n\t<meta name=\"twitter:data1\" content=\"5 minutter\" \/>\n<script type=\"application\/ld+json\" class=\"yoast-schema-graph\">{\"@context\":\"https:\/\/schema.org\",\"@graph\":[{\"@type\":\"WebPage\",\"@id\":\"http:\/\/elgordoticketsonline.com\/no\/\",\"url\":\"http:\/\/elgordoticketsonline.com\/no\/\",\"name\":\"En sikker og p\u00e5litelig m\u00e5te \u00e5 kj\u00f8pe El Gordo-billetter p\u00e5 nett\",\"isPartOf\":{\"@id\":\"http:\/\/elgordoticketsonline.com\/no\/#website\"},\"datePublished\":\"2024-09-09T14:36:19+00:00\",\"breadcrumb\":{\"@id\":\"http:\/\/elgordoticketsonline.com\/no\/#breadcrumb\"},\"inLanguage\":\"nb-NO\",\"potentialAction\":[{\"@type\":\"ReadAction\",\"target\":[\"http:\/\/elgordoticketsonline.com\/no\/\"]}]},{\"@type\":\"BreadcrumbList\",\"@id\":\"http:\/\/elgordoticketsonline.com\/no\/#breadcrumb\",\"itemListElement\":[{\"@type\":\"ListItem\",\"position\":1,\"name\":\"Home\",\"item\":\"http:\/\/elgordoticketsonline.com\/no\/\"},{\"@type\":\"ListItem\",\"position\":2,\"name\":\"Hjem\"}]},{\"@type\":\"WebSite\",\"@id\":\"http:\/\/elgordoticketsonline.com\/no\/#website\",\"url\":\"http:\/\/elgordoticketsonline.com\/no\/\",\"name\":\"Buy El Gordo Tickets online\",\"description\":\"\",\"potentialAction\":[{\"@type\":\"SearchAction\",\"target\":{\"@type\":\"EntryPoint\",\"urlTemplate\":\"http:\/\/elgordoticketsonline.com\/no\/?s={search_term_string}\"},\"query-input\":{\"@type\":\"PropertyValueSpecification\",\"valueRequired\":true,\"valueName\":\"search_term_string\"}}],\"inLanguage\":\"nb-NO\"}]}<\/script>\n<!-- \/ Yoast SEO plugin. -->","yoast_head_json":{"title":"En sikker og p\u00e5litelig m\u00e5te \u00e5 kj\u00f8pe El Gordo-billetter p\u00e5 nett","robots":{"index":"index","follow":"follow","max-snippet":"max-snippet:-1","max-image-preview":"max-image-preview:large","max-video-preview":"max-video-preview:-1"},"canonical":"http:\/\/elgordoticketsonline.com\/no\/","og_locale":"nb_NO","og_type":"article","og_title":"En sikker og p\u00e5litelig m\u00e5te \u00e5 kj\u00f8pe El Gordo-billetter p\u00e5 nett","og_description":"El Gordo er det mest popul\u00e6re og mest spilte lotteriet i Spania. Det genererer premiepotter og topppremier som m\u00e5les i millioner av euro. Dette tiltrekker seg spillere over hele verden som kontinuerlig f\u00f8lger med p\u00e5 nyhetene og den siste jackpotst\u00f8rrelsen. Siden lotteriet ble lansert har mer enn 150 millioner mennesker kj\u00f8pt en billett, og det [&hellip;]","og_url":"http:\/\/elgordoticketsonline.com\/no\/","og_site_name":"Buy El Gordo Tickets online","twitter_card":"summary_large_image","twitter_misc":{"Ansl. lesetid":"5 minutter"},"schema":{"@context":"https:\/\/schema.org","@graph":[{"@type":"WebPage","@id":"http:\/\/elgordoticketsonline.com\/no\/","url":"http:\/\/elgordoticketsonline.com\/no\/","name":"En sikker og p\u00e5litelig m\u00e5te \u00e5 kj\u00f8pe El Gordo-billetter p\u00e5 nett","isPartOf":{"@id":"http:\/\/elgordoticketsonline.com\/no\/#website"},"datePublished":"2024-09-09T14:36:19+00:00","breadcrumb":{"@id":"http:\/\/elgordoticketsonline.com\/no\/#breadcrumb"},"inLanguage":"nb-NO","potentialAction":[{"@type":"ReadAction","target":["http:\/\/elgordoticketsonline.com\/no\/"]}]},{"@type":"BreadcrumbList","@id":"http:\/\/elgordoticketsonline.com\/no\/#breadcrumb","itemListElement":[{"@type":"ListItem","position":1,"name":"Home","item":"http:\/\/elgordoticketsonline.com\/no\/"},{"@type":"ListItem","position":2,"name":"Hjem"}]},{"@type":"WebSite","@id":"http:\/\/elgordoticketsonline.com\/no\/#website","url":"http:\/\/elgordoticketsonline.com\/no\/","name":"Buy El Gordo Tickets online","description":"","potentialAction":[{"@type":"SearchAction","target":{"@type":"EntryPoint","urlTemplate":"http:\/\/elgordoticketsonline.com\/no\/?s={search_term_string}"},"query-input":{"@type":"PropertyValueSpecification","valueRequired":true,"valueName":"search_term_string"}}],"inLanguage":"nb-NO"}]}},"_links":{"self":[{"href":"http:\/\/elgordoticketsonline.com\/no\/wp-json\/wp\/v2\/pages\/51","targetHints":{"allow":["GET"]}}],"collection":[{"href":"http:\/\/elgordoticketsonline.com\/no\/wp-json\/wp\/v2\/pages"}],"about":[{"href":"http:\/\/elgordoticketsonline.com\/no\/wp-json\/wp\/v2\/types\/page"}],"author":[{"embeddable":true,"href":"http:\/\/elgordoticketsonline.com\/no\/wp-json\/wp\/v2\/users\/1"}],"replies":[{"embeddable":true,"href":"http:\/\/elgordoticketsonline.com\/no\/wp-json\/wp\/v2\/comments?post=51"}],"version-history":[{"count":0,"href":"http:\/\/elgordoticketsonline.com\/no\/wp-json\/wp\/v2\/pages\/51\/revisions"}],"wp:attachment":[{"href":"http:\/\/elgordoticketsonline.com\/no\/wp-json\/wp\/v2\/media?parent=51"}],"curies":[{"name":"wp","href":"https:\/\/api.w.org\/{rel}","templated":true}]}}