{"id":50,"date":"2024-09-09T15:36:19","date_gmt":"2024-09-09T14:36:19","guid":{"rendered":"http:\/\/elgordoticketsonline.com\/casa\/"},"modified":"2024-09-09T15:36:19","modified_gmt":"2024-09-09T14:36:19","slug":"casa","status":"publish","type":"page","link":"http:\/\/elgordoticketsonline.com\/it\/","title":{"rendered":"Casa"},"content":{"rendered":"<p>El Gordo \u00e8 la lotteria pi\u00f9 popolare e pi\u00f9 giocata in Spagna. Genera montepremi e premi di altissimo livello che si aggirano in milioni di euro. Questo attrae giocatori di tutto il mondo, costantemente aggiornati sulle ultime novit\u00e0 e sull&#8217;ammontare del jackpot. Dal lancio della lotteria, pi\u00f9 di 150 milioni di persone hanno acquistato un biglietto, e questo la dice lunga!<\/p>\n<h2>La lotteria El Gordo \u00e8 anche piuttosto unica: \u00e8 suddivisa in diversi turni:<\/h2>\n<ol>\n<li>C&#8217;\u00e8 un turno natalizio, che si svolge il 22 dicembre ed \u00e8 noto come El Gordo Navidad.<\/li>\n<li>L&#8217;estrazione del Ni\u00f1o \u00e8 prevista per il 6 gennaio, mentre l&#8217;estrazione estiva, che non sembra avere un nome specifico, offre enormi montepremi e premi di altissimo livello.<\/li>\n<li>E poi c&#8217;\u00e8 anche l&#8217;estrazione settimanale, pi\u00f9 comune, con un jackpot garantito di 5 milioni di euro! Questo jackpot \u00e8 noto come El Gordo La Primitiva.<br \/>\nLa cosa migliore di El Gordo nell&#8217;era di internet \u00e8 che non \u00e8 necessario essere residenti in Spagna per acquistare i biglietti. CHIUNQUE pu\u00f2 giocare a questa lotteria. Acquistare un biglietto online \u00e8 un&#8217;operazione semplice e pu\u00f2 essere fatto da chiunque disponga di una connessione internet e di un metodo di pagamento (online).<\/p>\n<p>I ragazzi di RedFoxLotto (questo, tra l&#8217;altro, \u00e8 il link al loro fantastico sito web) hanno lanciato un servizio eccellente e praticamente fanno tutto per voi!<br \/>\nDa un po&#8217; di tempo offrono un servizio di biglietti della lotteria online semplice e funzionale. E, cosa pi\u00f9 importante, questo servizio \u00e8 legale, affidabile e merita la vostra fiducia. Acquistare i biglietti della lotteria online non potrebbe essere pi\u00f9 semplice. Una volta sul loro sito web, la procedura di acquisto \u00e8 praticamente autoesplicativa.<\/p>\n<p>Oh, e a proposito, NON siete limitati solo a El Gordo: in realt\u00e0 ci sono molti pi\u00f9 di 30 eventi della lotteria molto interessanti tra cui scegliere. Una volta creato un account con RedFoxLotto, <a href=\"https:\/\/redfoxlotto.com\/lotteries\/\">tutti i tuoi biglietti della lotteria possono essere acquistati qui in pochi secondi!<\/a><\/p>\n<h2>Guida passo passo all&#8217;acquisto dei biglietti di El Gordo<\/h2>\n<p>Come vi abbiamo gi\u00e0 detto, acquistare i biglietti online \u00e8 facile. Ma per ogni evenienza, abbiamo creato una guida passo passo che vi guider\u00e0 passo passo in questo articolo:<\/p>\n<ul>\n<li>Come primo passo, cliccate qui per accedere al sito web di RedFoxLotto. Trovate il pulsante di registrazione, cliccateci sopra e inserite i vostri dati personali. Questo permetter\u00e0 agli agenti di WinTrillion di acquistare i biglietti per vostro conto, poich\u00e9 questi riporteranno anche il vostro nome.<\/li>\n<li>In alternativa, utilizzate uno dei banner sul nostro sito per scegliere una lotteria (qualsiasi lotteria). In questo modo, potrai prima scegliere i tuoi numeri per quella lotteria, acquistare online il tuo biglietto El Gordo (o un biglietto per un altro lotto) e creare il tuo account cliente durante la procedura di pagamento e checkout.\n<li>In alternativa, scegli la lotteria dalla pagina iniziale di RedFoxLotto.\n<li>Successivamente, potrai scegliere il numero di linee (varianti di numeri) e le estrazioni a cui desideri partecipare. Ad esempio, se la lotteria viene estratta due volte a settimana e scegli 6 estrazioni, parteciperai alla lotteria per 3 settimane.\n<li>I pagamenti sono semplici e hai a disposizione un&#8217;ampia gamma di metodi. Una volta effettuato un acquisto e inviato il pagamento, riceverai un&#8217;e-mail nella tua casella di posta con una prima conferma del tuo ordine, inclusi tutti i dettagli.\n<li>Il tuo biglietto o i tuoi biglietti effettivi verranno quindi inviati alla tua e-mail entro 24 ore, dopo che RedFoxLotto li avr\u00e0 acquistati sul sito. Questa \u00e8 la parte in cui RedFoxLotto si distingue dalla massa: riceverai una copia scansionata del tuo biglietto El Gordo con il tuo nome. Questo \u00e8 estremamente importante, perch\u00e9 ora puoi essere certo di avere un vero &#8220;contratto&#8221; con la lotteria. E per questo motivo, puoi essere certo di essere pagato!<\/li>\n<li>RedFoxLotto ti invier\u00e0 nuovamente un&#8217;e-mail di notifica, sempre poche ore prima di ogni estrazione. Queste notifiche includeranno anche una scansione del tuo biglietto, a dimostrazione che si tratta di un biglietto autentico.<\/li>\n<\/ul>\n<p>Sembra sospetto? Assolutamente no. RedFoxLotto serve migliaia di persone ogni giorno. Non c&#8217;\u00e8 mai stato un problema con un cliente che ha ricevuto le sue vincite o cose del genere. Ricorda, tutti i biglietti che acquisti su RedFoxLotto avranno il tuo nome stampato sopra, sopra i numeri che hai selezionato. Non c&#8217;\u00e8 margine di errore e nessun altro tranne te potr\u00e0 riscuotere eventuali vincite. <\/p>\n<h2>Le estrazioni a premi di El Gordo<\/h2>\n<p>Le estrazioni a premi de La Primitiva si tengono ogni gioved\u00ec e sabato alle 21:30 CET. Vengono estratte sei palline da un cesto di 49 palline in totale. C&#8217;\u00e8 anche una funzione extra: i giocatori devono selezionare un altro settimo numero. Questa \u00e8 anche nota come &#8220;Bonus Ball&#8221;, che pu\u00f2 aiutare a vincere il secondo premio pi\u00f9 grande.<\/p>\n<p>Il primo premio dell&#8217;estrazione settimanale (jackpot) parte da 3 milioni di euro e verr\u00e0 accumulato finch\u00e9 nessuno vince il premio di prima fascia. C&#8217;\u00e8 una regola importante, introdotta dal governo spagnolo: il 70% di tutti i proventi derivanti dai biglietti della lotteria deve essere aggiuntoal montepremi del Jackpot. Questo garantisce una crescita costante del jackpot e migliora le probabilit\u00e0 e le aspettative di vincita.<\/p>\n<h2>Modi per vincere<\/h2>\n<p>El Gordo La Primitiva offre 5 modi o livelli di vincita. Le probabilit\u00e0 di vincita partono da 1 su 57 per i premi pi\u00f9 piccoli e da 1 a 14 milioni per il jackpot. Potrebbe sembrare molto, ma immagina che oltre 150 milioni di appassionati del lotto abbiano giocato a questo gioco: niente \u00e8 impossibile!<\/p>\n<p>Trova i requisiti per ogni combinazione vincente qui sotto. L&#8217;importo esatto dei livelli di premio non \u00e8 &#8220;immutabile&#8221;, poich\u00e9 dipende dal montepremi (ad esempio, dal numero di biglietti El Gordo venduti) in quella particolare settimana.<\/p>\n<p>Il premio principale (Jackpot) verr\u00e0 assegnato se i numeri sulla tua schedina indovinano tutte e 6 le palline dell&#8217;estrazione.<br \/>\nIl premio di livello 2 (2\u00b0 livello) viene assegnato se i numeri sulla tua schedina indovinano 5 numeri dell&#8217;estrazione principale pi\u00f9 i numeri della pallina bonus.<br \/>\nIl premio di livello 3 (3\u00b0 livello) viene assegnato se i numeri sulla tua schedina indovinano 5 numeri dell&#8217;estrazione principale.<br \/>\nIl premio di livello 4 (4\u00b0 livello) viene assegnato se indovini 4 numeri dell&#8217;estrazione principale.<br \/>\nInfine, il premio di livello 5 (5\u00b0 livello) viene assegnato se 3 numeri sulla tua schedina indovinano 3 numeri dell&#8217;estrazione principale.<\/p>\n<p>Il jackpot pi\u00f9 alto mai vinto al lotto \u00e8 stato nell&#8217;aprile 2007, quando un fortunato di Monteagudo, Murcio, ha vinto 26 milioni di euro!<\/p>\n<p>E tu potresti essere il prossimo grande vincitore: <a href=\"https:\/\/redfoxlotto.com\">visita RedFoxLotto oggi stesso<\/a> e acquista online i biglietti della lotteria El Gordo!<\/p>\n","protected":false},"excerpt":{"rendered":"<p>El Gordo \u00e8 la lotteria pi\u00f9 popolare e pi\u00f9 giocata in Spagna. Genera montepremi e premi di altissimo livello che si aggirano in milioni di euro. Questo attrae giocatori di tutto il mondo, costantemente aggiornati sulle ultime novit\u00e0 e sull&#8217;ammontare del jackpot. Dal lancio della lotteria, pi\u00f9 di 150 milioni di persone hanno acquistato un [&hellip;]<\/p>\n","protected":false},"author":1,"featured_media":0,"parent":0,"menu_order":0,"comment_status":"closed","ping_status":"closed","template":"","meta":{"footnotes":""},"class_list":["post-50","page","type-page","status-publish","hentry"],"yoast_head":"<!-- This site is optimized with the Yoast SEO plugin v24.7 - https:\/\/yoast.com\/wordpress\/plugins\/seo\/ -->\n<title>Un modo sicuro e affidabile per acquistare i biglietti per El Gordo online<\/title>\n<meta name=\"robots\" content=\"index, follow, max-snippet:-1, max-image-preview:large, max-video-preview:-1\" \/>\n<link rel=\"canonical\" href=\"http:\/\/elgordoticketsonline.com\/it\/\" \/>\n<meta property=\"og:locale\" content=\"it_IT\" \/>\n<meta property=\"og:type\" content=\"article\" \/>\n<meta property=\"og:title\" content=\"Un modo sicuro e affidabile per acquistare i biglietti per El Gordo online\" \/>\n<meta property=\"og:description\" content=\"El Gordo \u00e8 la lotteria pi\u00f9 popolare e pi\u00f9 giocata in Spagna. Genera montepremi e premi di altissimo livello che si aggirano in milioni di euro. Questo attrae giocatori di tutto il mondo, costantemente aggiornati sulle ultime novit\u00e0 e sull&#8217;ammontare del jackpot. Dal lancio della lotteria, pi\u00f9 di 150 milioni di persone hanno acquistato un [&hellip;]\" \/>\n<meta property=\"og:url\" content=\"http:\/\/elgordoticketsonline.com\/it\/\" \/>\n<meta property=\"og:site_name\" content=\"Buy El Gordo Tickets online\" \/>\n<meta name=\"twitter:card\" content=\"summary_large_image\" \/>\n<meta name=\"twitter:label1\" content=\"Tempo di lettura stimato\" \/>\n\t<meta name=\"twitter:data1\" content=\"5 minuti\" \/>\n<script type=\"application\/ld+json\" class=\"yoast-schema-graph\">{\"@context\":\"https:\/\/schema.org\",\"@graph\":[{\"@type\":\"WebPage\",\"@id\":\"http:\/\/elgordoticketsonline.com\/it\/\",\"url\":\"http:\/\/elgordoticketsonline.com\/it\/\",\"name\":\"Un modo sicuro e affidabile per acquistare i biglietti per El Gordo online\",\"isPartOf\":{\"@id\":\"http:\/\/elgordoticketsonline.com\/it\/#website\"},\"datePublished\":\"2024-09-09T14:36:19+00:00\",\"breadcrumb\":{\"@id\":\"http:\/\/elgordoticketsonline.com\/it\/#breadcrumb\"},\"inLanguage\":\"it-IT\",\"potentialAction\":[{\"@type\":\"ReadAction\",\"target\":[\"http:\/\/elgordoticketsonline.com\/it\/\"]}]},{\"@type\":\"BreadcrumbList\",\"@id\":\"http:\/\/elgordoticketsonline.com\/it\/#breadcrumb\",\"itemListElement\":[{\"@type\":\"ListItem\",\"position\":1,\"name\":\"Home\",\"item\":\"https:\/\/elgordoticketsonline.com\/it\/\"},{\"@type\":\"ListItem\",\"position\":2,\"name\":\"Casa\"}]},{\"@type\":\"WebSite\",\"@id\":\"http:\/\/elgordoticketsonline.com\/it\/#website\",\"url\":\"http:\/\/elgordoticketsonline.com\/it\/\",\"name\":\"Buy El Gordo Tickets online\",\"description\":\"\",\"potentialAction\":[{\"@type\":\"SearchAction\",\"target\":{\"@type\":\"EntryPoint\",\"urlTemplate\":\"http:\/\/elgordoticketsonline.com\/it\/?s={search_term_string}\"},\"query-input\":{\"@type\":\"PropertyValueSpecification\",\"valueRequired\":true,\"valueName\":\"search_term_string\"}}],\"inLanguage\":\"it-IT\"}]}<\/script>\n<!-- \/ Yoast SEO plugin. -->","yoast_head_json":{"title":"Un modo sicuro e affidabile per acquistare i biglietti per El Gordo online","robots":{"index":"index","follow":"follow","max-snippet":"max-snippet:-1","max-image-preview":"max-image-preview:large","max-video-preview":"max-video-preview:-1"},"canonical":"http:\/\/elgordoticketsonline.com\/it\/","og_locale":"it_IT","og_type":"article","og_title":"Un modo sicuro e affidabile per acquistare i biglietti per El Gordo online","og_description":"El Gordo \u00e8 la lotteria pi\u00f9 popolare e pi\u00f9 giocata in Spagna. Genera montepremi e premi di altissimo livello che si aggirano in milioni di euro. Questo attrae giocatori di tutto il mondo, costantemente aggiornati sulle ultime novit\u00e0 e sull&#8217;ammontare del jackpot. Dal lancio della lotteria, pi\u00f9 di 150 milioni di persone hanno acquistato un [&hellip;]","og_url":"http:\/\/elgordoticketsonline.com\/it\/","og_site_name":"Buy El Gordo Tickets online","twitter_card":"summary_large_image","twitter_misc":{"Tempo di lettura stimato":"5 minuti"},"schema":{"@context":"https:\/\/schema.org","@graph":[{"@type":"WebPage","@id":"http:\/\/elgordoticketsonline.com\/it\/","url":"http:\/\/elgordoticketsonline.com\/it\/","name":"Un modo sicuro e affidabile per acquistare i biglietti per El Gordo online","isPartOf":{"@id":"http:\/\/elgordoticketsonline.com\/it\/#website"},"datePublished":"2024-09-09T14:36:19+00:00","breadcrumb":{"@id":"http:\/\/elgordoticketsonline.com\/it\/#breadcrumb"},"inLanguage":"it-IT","potentialAction":[{"@type":"ReadAction","target":["http:\/\/elgordoticketsonline.com\/it\/"]}]},{"@type":"BreadcrumbList","@id":"http:\/\/elgordoticketsonline.com\/it\/#breadcrumb","itemListElement":[{"@type":"ListItem","position":1,"name":"Home","item":"https:\/\/elgordoticketsonline.com\/it\/"},{"@type":"ListItem","position":2,"name":"Casa"}]},{"@type":"WebSite","@id":"http:\/\/elgordoticketsonline.com\/it\/#website","url":"http:\/\/elgordoticketsonline.com\/it\/","name":"Buy El Gordo Tickets online","description":"","potentialAction":[{"@type":"SearchAction","target":{"@type":"EntryPoint","urlTemplate":"http:\/\/elgordoticketsonline.com\/it\/?s={search_term_string}"},"query-input":{"@type":"PropertyValueSpecification","valueRequired":true,"valueName":"search_term_string"}}],"inLanguage":"it-IT"}]}},"_links":{"self":[{"href":"http:\/\/elgordoticketsonline.com\/it\/wp-json\/wp\/v2\/pages\/50","targetHints":{"allow":["GET"]}}],"collection":[{"href":"http:\/\/elgordoticketsonline.com\/it\/wp-json\/wp\/v2\/pages"}],"about":[{"href":"http:\/\/elgordoticketsonline.com\/it\/wp-json\/wp\/v2\/types\/page"}],"author":[{"embeddable":true,"href":"http:\/\/elgordoticketsonline.com\/it\/wp-json\/wp\/v2\/users\/1"}],"replies":[{"embeddable":true,"href":"http:\/\/elgordoticketsonline.com\/it\/wp-json\/wp\/v2\/comments?post=50"}],"version-history":[{"count":0,"href":"http:\/\/elgordoticketsonline.com\/it\/wp-json\/wp\/v2\/pages\/50\/revisions"}],"wp:attachment":[{"href":"http:\/\/elgordoticketsonline.com\/it\/wp-json\/wp\/v2\/media?parent=50"}],"curies":[{"name":"wp","href":"https:\/\/api.w.org\/{rel}","templated":true}]}}