{"id":47,"date":"2024-09-09T15:36:19","date_gmt":"2024-09-09T14:36:19","guid":{"rendered":"http:\/\/elgordoticketsonline.com\/heim\/"},"modified":"2024-09-09T15:36:19","modified_gmt":"2024-09-09T14:36:19","slug":"heim","status":"publish","type":"page","link":"http:\/\/elgordoticketsonline.com\/de\/","title":{"rendered":"Heim"},"content":{"rendered":"<p>El Gordo ist die beliebteste und meistgespielte Lotterie in Spanien. Es generiert Jackpots und gro\u00dfe Preise, die sich auf Millionen von Euro belaufen. Dies lockt Spieler aus der ganzen Welt an, die st\u00e4ndig die Neuigkeiten und den aktuellen Jackpot-Betrag verfolgen. Seit der Einf\u00fchrung der Lotterie haben mehr als 150 Millionen Menschen ein Los gekauft, und das sagt alles!   <\/p>\n<h2>Auch die El Gordo-Lotterie ist einzigartig: Sie ist in mehrere Runden unterteilt:<\/h2>\n<ol>\n<li>Es gibt eine Weihnachtstour, die am 22. Dezember stattfindet und als El Gordo Navidad bekannt ist.<\/li>\n<li>Die Sorteo Del Nino ist eine f\u00fcr den 6. Januar geplante Auslosung und die Sommerauslosung, die offenbar keinen bestimmten Namen hat. Bei diesen j\u00e4hrlichen Verlosungen gibt es RIESIGE Preispools und Hauptpreise. <\/li>\n<li>Und dann gibt es noch die h\u00e4ufigere, w\u00f6chentliche Verlosung mit einem garantierten Jackpot von 5 Millionen Euro! Dieser Jackpot ist als El Gordo La Primitiva bekannt.<br \/>\nDas Beste an El Gordo im Zeitalter des Internets ist, dass man nicht in Spanien wohnhaft sein muss, um Tickets zu kaufen. JEDER kann dieses Lotteriespiel spielen. Der Online-Kauf eines Tickets ist eine einfache Aufgabe und kann von jedem durchgef\u00fchrt werden, der \u00fcber eine Internetverbindung und ein (Online-)Zahlungsmittel verf\u00fcgt.   <\/li>\n<\/ol>\n<p>Die Jungs von RedFoxLotto (das ist \u00fcbrigens der Link zu ihrer tollen Website) haben einen hervorragenden Service gestartet und erledigen im Grunde alles f\u00fcr Sie!<br \/>\nSeit geraumer Zeit bieten sie einen einfachen, funktionalen Online-Service f\u00fcr Lottoscheine an. Und was am wichtigsten ist: Dieser Service ist legal, zuverl\u00e4ssig und Ihr Vertrauen wert. Der Kauf von Online-Lottoscheinen k\u00f6nnte nicht einfacher sein. Sobald man sich auf ihrer Website befindet, ist der Kaufvorgang so gut wie selbsterkl\u00e4rend.   <\/p>\n<p>Ach ja, und \u00fcbrigens \u2013 Sie sind NICHT nur auf El Gordo beschr\u00e4nkt \u2013 tats\u00e4chlich gibt es weit mehr als 30 sehr attraktive Lotto-Events zur Auswahl. Sobald Sie ein Konto bei RedFoxLotto haben, <a href=\"https:\/\/redfoxlotto.com\/lotteries\/\">k\u00f6nnen Sie alle Ihre Lottoscheine hier in Sekundenschnelle kaufen!<\/a> <\/p>\n<h2>Schritt-f\u00fcr-Schritt-Anleitung zum Kauf von El Gordo-Tickets<\/h2>\n<p>Wie wir Ihnen bereits gesagt haben, ist der Online-Kauf von Tickets ganz einfach. Aber f\u00fcr den Fall der F\u00e4lle haben wir eine Schritt-f\u00fcr-Schritt-Anleitung erstellt und f\u00fchren Sie in diesem Artikel durch den Prozess: <\/p>\n<ul>\n<li>Klicken Sie im ersten Schritt hier, um zur Website von RedFoxLotto zu gelangen. Suchen Sie die Anmeldeschaltfl\u00e4che, klicken Sie darauf und geben Sie Ihre pers\u00f6nlichen Daten ein. Dies geschieht, damit die Agenten von WinTrillion die Tickets in Ihrem Namen kaufen k\u00f6nnen, da diese auch Ihren Namen tragen  <\/li>\n<li>Alternativ k\u00f6nnen Sie eines der Banner auf unserer Website verwenden, um eine Lotterie (eine beliebige Lotterie) auszuw\u00e4hlen. Wenn Sie dies tun, k\u00f6nnen Sie zuerst Ihre Zahlen f\u00fcr diese Lotterie ausw\u00e4hlen, Ihr El Gordo-Ticket online kaufen (oder ein Ticket f\u00fcr eine andere Lotterie) und w\u00e4hrend des Zahlungs- und Bestellvorgangs Ihr Kundenkonto erstellen <\/li>\n<li>Ansonsten w\u00e4hlen Sie die Lotterie auf der Startseite von RedFoxLotto aus<\/li>\n<li>Als n\u00e4chstes k\u00f6nnen Sie die Anzahl der Linien (Zahlenvariationen) und die Gewinnziehungen ausw\u00e4hlen, an denen Sie teilnehmen m\u00f6chten. Wenn die Lotterie beispielsweise zweimal pro Woche gezogen wird und Sie 6 Ziehungen ausw\u00e4hlen, nehmen Sie 3 Wochen lang an der Lotterie teil <\/li>\n<li>Zahlungen sind einfach und es steht Ihnen eine gro\u00dfe Auswahl an Methoden zur Verf\u00fcgung. Sobald Sie einen Kauf get\u00e4tigt und eine Zahlung get\u00e4tigt haben, erhalten Sie in Ihrem Posteingang eine E-Mail mit einer ersten Best\u00e4tigung Ihrer Bestellung, einschlie\u00dflich aller Details <\/li>\n<li>Ihr tats\u00e4chlicher Spielschein oder Ihre tats\u00e4chlichen Spielscheine werden dann innerhalb von 24 Stunden, nachdem RedFoxLotto sie vor Ort gekauft hat, an Ihre E-Mail-Adresse gesendet. Hier sticht RedFoxLotto aus der Masse heraus: Sie erhalten eine gescannte Kopie Ihres El Gordo-Spielscheins mit Ihrem eigenen Namen darauf. Das ist \u00e4u\u00dferst wichtig, denn jetzt k\u00f6nnen Sie sicher sein, dass Sie einen echten \u201eVertrag\u201c mit der Lotterie haben. UND deshalb k\u00f6nnen Sie sicher sein, dass Sie bezahlt werden!   <\/li>\n<li>RedFoxLotto sendet Ihnen erneut eine E-Mail-Benachrichtigung, jeweils einige Stunden vor der jeweiligen Gewinnziehung. Zu diesen Benachrichtigungen geh\u00f6rt auch ein Scan Ihres Tickets, der beweist, dass Sie \u00fcber ein legitimes Ticket verf\u00fcgen. <\/li>\n<\/ul>\n<p>Scheint faul? Gar nicht. RedFoxLotto bedient t\u00e4glich Tausende von Menschen. Es gab nie ein Problem damit, dass ein Kunde seine Gewinne oder \u00e4hnliches erhielt. Denken Sie daran, dass auf allen Spielscheinen, die Sie bei RedFoxLotto kaufen, Ihr Name \u00fcber den von Ihnen ausgew\u00e4hlten Zahlen aufgedruckt ist. Es gibt keinen Raum f\u00fcr Fehler und niemand anderes, aber Sie k\u00f6nnen alle potenziellen Gewinne beanspruchen.     <\/p>\n<h2>Die Verlosung des El Gordo-Preises<\/h2>\n<p>Die La Primitiva-Gewinnziehungen finden jeden Donnerstag und Samstag um 21:30 Uhr MEZ statt. Aus einer Trommel mit insgesamt 49 Kugeln werden sechs Kugeln gezogen. Es gibt auch eine zus\u00e4tzliche Funktion \u2013 die Spieler m\u00fcssen eine andere, siebte Zahl ausw\u00e4hlen. Dies wird auch als \u201eBonusball\u201c bezeichnet und kann Ihnen dabei helfen, den zweitgr\u00f6\u00dften Preis zu gewinnen.   <\/p>\n<p>Der Hauptpreis (Jackpot) der w\u00f6chentlichen Verlosung beginnt bei 3 Millionen Euro und wird verl\u00e4ngert, solange niemand den Hauptpreis gewinnt. Es gibt eine nette Regel, die von der spanischen Regierung eingef\u00fchrt wurde: 70 % aller Einnahmen aus den Lotterielosen m\u00fcssen dem Jackpot-Preispool hinzugef\u00fcgt werden. Dies garantiert ein stetiges Wachstum des Jackpots und verbessert die Gewinnchancen und Gewinnerwartungen.  <\/p>\n<h2>Wege zum Sieg<\/h2>\n<p>El Gordo La Primitiva bietet 5 M\u00f6glichkeiten oder Level zum Gewinnen. Die Gewinnchancen beginnen bei 1 zu 57 f\u00fcr die kleinsten Preise und 1 bis 14 Millionen f\u00fcr den Jackpot. Das mag viel erscheinen, aber stellen Sie sich vor, dass mehr als 150 Millionen Lottofans dieses Spiel gespielt haben \u2013 nichts ist unm\u00f6glich!  <\/p>\n<p>Nachfolgend finden Sie die Anforderungen f\u00fcr jede Gewinnkombination. Die genaue H\u00f6he der Preisstufen ist nicht \u201ein Stein gemei\u00dfelt\u201c, da sie vom Preispool (z. B. der Anzahl der verkauften El Gordo-Tickets) in der jeweiligen Woche abh\u00e4ngt. <\/p>\n<p>Der Hauptpreis (Jackpot) wird ausgezahlt, wenn die Zahlen auf Ihrem Los mit allen 6 Kugeln der Ziehung \u00fcbereinstimmen<br \/>\nDer Preis der Stufe 2 (2. Stufe) wird vergeben, wenn die Zahlen auf Ihrem Spielschein mit 5 Zahlen in der Hauptziehung plus den Zahlen der Bonuskugel \u00fcbereinstimmen<br \/>\nDer Preis der Stufe 3 (3. Stufe) wird vergeben, wenn die Zahlen auf Ihrem Los mit 5 der Hauptziehung \u00fcbereinstimmen<br \/>\nDer Preis der Stufe 4 (4. Stufe) wird vergeben, wenn Sie 4 Zahlen der Hauptziehung treffen<br \/>\nSchlie\u00dflich wird der Preis der Stufe 5 (5. Stufe) vergeben, wenn drei Zahlen auf Ihrem Spielschein mit drei Zahlen der Hauptziehung \u00fcbereinstimmen.<\/p>\n<p>Der gr\u00f6\u00dfte jemals gewonnene Lotto-Jackpot fand im April 2007 statt, als ein Gl\u00fcckspilz aus Monteagudo, Murcio, 26 Millionen Euro gewann!<\/p>\n<p>Und Sie k\u00f6nnten der n\u00e4chste gro\u00dfe Gewinner sein \u2013 besuchen Sie <a href=\"https:\/\/redfoxlotto.com\">RedFoxLotto<\/a> noch heute und kaufen Sie El Gordo-Lottoscheine online!<\/p>\n","protected":false},"excerpt":{"rendered":"<p>El Gordo ist die beliebteste und meistgespielte Lotterie in Spanien. Es generiert Jackpots und gro\u00dfe Preise, die sich auf Millionen von Euro belaufen. Dies lockt Spieler aus der ganzen Welt an, die st\u00e4ndig die Neuigkeiten und den aktuellen Jackpot-Betrag verfolgen. Seit der Einf\u00fchrung der Lotterie haben mehr als 150 Millionen Menschen ein Los gekauft, und [&hellip;]<\/p>\n","protected":false},"author":1,"featured_media":0,"parent":0,"menu_order":0,"comment_status":"closed","ping_status":"closed","template":"","meta":{"footnotes":""},"class_list":["post-47","page","type-page","status-publish","hentry"],"yoast_head":"<!-- This site is optimized with the Yoast SEO plugin v24.7 - https:\/\/yoast.com\/wordpress\/plugins\/seo\/ -->\n<title>Eine sichere und zuverl\u00e4ssige M\u00f6glichkeit, El Gordo-Tickets online zu kaufen<\/title>\n<meta name=\"robots\" content=\"index, follow, max-snippet:-1, max-image-preview:large, max-video-preview:-1\" \/>\n<link rel=\"canonical\" href=\"http:\/\/elgordoticketsonline.com\/de\/\" \/>\n<meta property=\"og:locale\" content=\"de_DE\" \/>\n<meta property=\"og:type\" content=\"article\" \/>\n<meta property=\"og:title\" content=\"Eine sichere und zuverl\u00e4ssige M\u00f6glichkeit, El Gordo-Tickets online zu kaufen\" \/>\n<meta property=\"og:description\" content=\"El Gordo ist die beliebteste und meistgespielte Lotterie in Spanien. Es generiert Jackpots und gro\u00dfe Preise, die sich auf Millionen von Euro belaufen. Dies lockt Spieler aus der ganzen Welt an, die st\u00e4ndig die Neuigkeiten und den aktuellen Jackpot-Betrag verfolgen. Seit der Einf\u00fchrung der Lotterie haben mehr als 150 Millionen Menschen ein Los gekauft, und [&hellip;]\" \/>\n<meta property=\"og:url\" content=\"http:\/\/elgordoticketsonline.com\/de\/\" \/>\n<meta property=\"og:site_name\" content=\"Buy El Gordo Tickets online\" \/>\n<meta name=\"twitter:card\" content=\"summary_large_image\" \/>\n<meta name=\"twitter:label1\" content=\"Gesch\u00e4tzte Lesezeit\" \/>\n\t<meta name=\"twitter:data1\" content=\"5\u00a0Minuten\" \/>\n<script type=\"application\/ld+json\" class=\"yoast-schema-graph\">{\"@context\":\"https:\/\/schema.org\",\"@graph\":[{\"@type\":\"WebPage\",\"@id\":\"http:\/\/elgordoticketsonline.com\/de\/\",\"url\":\"http:\/\/elgordoticketsonline.com\/de\/\",\"name\":\"Eine sichere und zuverl\u00e4ssige M\u00f6glichkeit, El Gordo-Tickets online zu kaufen\",\"isPartOf\":{\"@id\":\"http:\/\/elgordoticketsonline.com\/de\/#website\"},\"datePublished\":\"2024-09-09T14:36:19+00:00\",\"breadcrumb\":{\"@id\":\"http:\/\/elgordoticketsonline.com\/de\/#breadcrumb\"},\"inLanguage\":\"de\",\"potentialAction\":[{\"@type\":\"ReadAction\",\"target\":[\"http:\/\/elgordoticketsonline.com\/de\/\"]}]},{\"@type\":\"BreadcrumbList\",\"@id\":\"http:\/\/elgordoticketsonline.com\/de\/#breadcrumb\",\"itemListElement\":[{\"@type\":\"ListItem\",\"position\":1,\"name\":\"Home\",\"item\":\"https:\/\/elgordoticketsonline.com\/de\/\"},{\"@type\":\"ListItem\",\"position\":2,\"name\":\"Heim\"}]},{\"@type\":\"WebSite\",\"@id\":\"http:\/\/elgordoticketsonline.com\/de\/#website\",\"url\":\"http:\/\/elgordoticketsonline.com\/de\/\",\"name\":\"Buy El Gordo Tickets online\",\"description\":\"\",\"potentialAction\":[{\"@type\":\"SearchAction\",\"target\":{\"@type\":\"EntryPoint\",\"urlTemplate\":\"http:\/\/elgordoticketsonline.com\/de\/?s={search_term_string}\"},\"query-input\":{\"@type\":\"PropertyValueSpecification\",\"valueRequired\":true,\"valueName\":\"search_term_string\"}}],\"inLanguage\":\"de\"}]}<\/script>\n<!-- \/ Yoast SEO plugin. -->","yoast_head_json":{"title":"Eine sichere und zuverl\u00e4ssige M\u00f6glichkeit, El Gordo-Tickets online zu kaufen","robots":{"index":"index","follow":"follow","max-snippet":"max-snippet:-1","max-image-preview":"max-image-preview:large","max-video-preview":"max-video-preview:-1"},"canonical":"http:\/\/elgordoticketsonline.com\/de\/","og_locale":"de_DE","og_type":"article","og_title":"Eine sichere und zuverl\u00e4ssige M\u00f6glichkeit, El Gordo-Tickets online zu kaufen","og_description":"El Gordo ist die beliebteste und meistgespielte Lotterie in Spanien. Es generiert Jackpots und gro\u00dfe Preise, die sich auf Millionen von Euro belaufen. Dies lockt Spieler aus der ganzen Welt an, die st\u00e4ndig die Neuigkeiten und den aktuellen Jackpot-Betrag verfolgen. Seit der Einf\u00fchrung der Lotterie haben mehr als 150 Millionen Menschen ein Los gekauft, und [&hellip;]","og_url":"http:\/\/elgordoticketsonline.com\/de\/","og_site_name":"Buy El Gordo Tickets online","twitter_card":"summary_large_image","twitter_misc":{"Gesch\u00e4tzte Lesezeit":"5\u00a0Minuten"},"schema":{"@context":"https:\/\/schema.org","@graph":[{"@type":"WebPage","@id":"http:\/\/elgordoticketsonline.com\/de\/","url":"http:\/\/elgordoticketsonline.com\/de\/","name":"Eine sichere und zuverl\u00e4ssige M\u00f6glichkeit, El Gordo-Tickets online zu kaufen","isPartOf":{"@id":"http:\/\/elgordoticketsonline.com\/de\/#website"},"datePublished":"2024-09-09T14:36:19+00:00","breadcrumb":{"@id":"http:\/\/elgordoticketsonline.com\/de\/#breadcrumb"},"inLanguage":"de","potentialAction":[{"@type":"ReadAction","target":["http:\/\/elgordoticketsonline.com\/de\/"]}]},{"@type":"BreadcrumbList","@id":"http:\/\/elgordoticketsonline.com\/de\/#breadcrumb","itemListElement":[{"@type":"ListItem","position":1,"name":"Home","item":"https:\/\/elgordoticketsonline.com\/de\/"},{"@type":"ListItem","position":2,"name":"Heim"}]},{"@type":"WebSite","@id":"http:\/\/elgordoticketsonline.com\/de\/#website","url":"http:\/\/elgordoticketsonline.com\/de\/","name":"Buy El Gordo Tickets online","description":"","potentialAction":[{"@type":"SearchAction","target":{"@type":"EntryPoint","urlTemplate":"http:\/\/elgordoticketsonline.com\/de\/?s={search_term_string}"},"query-input":{"@type":"PropertyValueSpecification","valueRequired":true,"valueName":"search_term_string"}}],"inLanguage":"de"}]}},"_links":{"self":[{"href":"http:\/\/elgordoticketsonline.com\/de\/wp-json\/wp\/v2\/pages\/47","targetHints":{"allow":["GET"]}}],"collection":[{"href":"http:\/\/elgordoticketsonline.com\/de\/wp-json\/wp\/v2\/pages"}],"about":[{"href":"http:\/\/elgordoticketsonline.com\/de\/wp-json\/wp\/v2\/types\/page"}],"author":[{"embeddable":true,"href":"http:\/\/elgordoticketsonline.com\/de\/wp-json\/wp\/v2\/users\/1"}],"replies":[{"embeddable":true,"href":"http:\/\/elgordoticketsonline.com\/de\/wp-json\/wp\/v2\/comments?post=47"}],"version-history":[{"count":0,"href":"http:\/\/elgordoticketsonline.com\/de\/wp-json\/wp\/v2\/pages\/47\/revisions"}],"wp:attachment":[{"href":"http:\/\/elgordoticketsonline.com\/de\/wp-json\/wp\/v2\/media?parent=47"}],"curies":[{"name":"wp","href":"https:\/\/api.w.org\/{rel}","templated":true}]}}