{"id":37,"date":"2024-09-09T15:36:19","date_gmt":"2024-09-09T14:36:19","guid":{"rendered":"http:\/\/elgordoticketsonline.com\/domov\/"},"modified":"2024-09-09T15:36:19","modified_gmt":"2024-09-09T14:36:19","slug":"domov","status":"publish","type":"page","link":"http:\/\/elgordoticketsonline.com\/cs\/","title":{"rendered":"Domov"},"content":{"rendered":"<p>El Gordo je nejobl\u00edben\u011bj\u0161\u00ed a nej\u010dast\u011bji hranou loteri\u00ed ve \u0160pan\u011blsku. Generuje cenov\u00e9 fondy a hlavn\u00ed ceny, kter\u00e9 se m\u011b\u0159\u00ed v milionech eur. To p\u0159itahuje hr\u00e1\u010de po cel\u00e9m sv\u011bt\u011b, kte\u0159\u00ed neust\u00e1le sleduj\u00ed novinky a nejnov\u011bj\u0161\u00ed velikost jackpotu. Od spu\u0161t\u011bn\u00ed loterie si tiket zakoupilo v\u00edce ne\u017e 150 milion\u016f lid\u00ed, a to mluv\u00ed za v\u0161e!   <\/p>\n<h2>Loterie El Gordo je tak\u00e9 zcela unik\u00e1tn\u00ed \u2013 je rozd\u011blena do n\u011bkolika kol:<\/h2>\n<ol>\n<li>Je tu v\u00e1no\u010dn\u00ed kolo, kter\u00e9 se kon\u00e1 22. prosince a je zn\u00e1m\u00e9 jako El Gordo Navidad.<\/li>\n<li>Sorteo Del Nino je losov\u00e1n\u00ed napl\u00e1novan\u00e9 na 6. ledna a letn\u00ed losov\u00e1n\u00ed, kter\u00e9, jak se zd\u00e1, nem\u00e1 konkr\u00e9tn\u00ed jm\u00e9no. Tato ka\u017edoro\u010dn\u00ed losov\u00e1n\u00ed obsahuj\u00ed OBROVSK\u00c9 cenov\u00e9 fondy a nejvy\u0161\u0161\u00ed ceny. <\/li>\n<li>A pak je tu tak\u00e9 b\u011b\u017en\u011bj\u0161\u00ed, t\u00fddenn\u00ed slosov\u00e1n\u00ed o ceny s garantovan\u00fdm jackpotem 5 milion\u016f eur! Tento jackpot je zn\u00e1m\u00fd jako El Gordo La Primitiva.<br \/>\nNejlep\u0161\u00ed v\u011bc na El Gordo v dob\u011b internetu je &#8211; nemus\u00edte b\u00fdt rezidentem \u0160pan\u011blska, abyste si mohli koupit vstupenky. Tuto loterijn\u00ed hru m\u016f\u017ee hr\u00e1t KA\u017dD\u00dd. Koupit vstupenku online je snadn\u00fd \u00fakol a m\u016f\u017ee to ud\u011blat ka\u017ed\u00fd, kdo m\u00e1 p\u0159ipojen\u00ed k internetu a zp\u016fsob (online) platby.   <\/li>\n<\/ol>\n<p>Kluci z RedFoxLotto (mimochodem to je odkaz na jejich skv\u011bl\u00fd web) spustili skv\u011blou slu\u017ebu a v podstat\u011b d\u011blaj\u00ed v\u0161e za v\u00e1s!<br \/>\nJi\u017e n\u011bjakou dobu poskytuj\u00ed snadnou a funk\u010dn\u00ed online slu\u017ebu lotto tiketu. A co je nejd\u016fle\u017eit\u011bj\u0161\u00ed, tato slu\u017eba je leg\u00e1ln\u00ed, spolehliv\u00e1 a stoj\u00ed za va\u0161i d\u016fv\u011bru. Proces n\u00e1kupu online los\u016f nem\u016f\u017ee b\u00fdt jednodu\u0161\u0161\u00ed. Jakmile jsou na jejich webov\u00fdch str\u00e1nk\u00e1ch, proces n\u00e1kupu je do zna\u010dn\u00e9 m\u00edry samovysv\u011btluj\u00edc\u00ed.   <\/p>\n<p>Jo a mimochodem &#8211; NEJSTE omezeni pouze na El Gordo &#8211; ve skute\u010dnosti je na v\u00fdb\u011br z v\u00edce ne\u017e 30 velmi atraktivn\u00edch loterijn\u00edch ud\u00e1lost\u00ed. Jakmile budete m\u00edt \u00fa\u010det u RedFoxLotto, <a href=\"https:\/\/redfoxlotto.com\/lotteries\/\">v\u0161echny va\u0161e losy si zde m\u016f\u017eete koupit b\u011bhem n\u011bkolika sekund!<\/a> <\/p>\n<h2>Pr\u016fvodce n\u00e1kupem vstupenek El Gordo krok za krokem<\/h2>\n<p>Jak jsme v\u00e1m \u0159ekli d\u0159\u00edve, koupit vstupenky online je snadn\u00e9. Ale pro ka\u017ed\u00fd p\u0159\u00edpad jsme vytvo\u0159ili pr\u016fvodce krok za krokem a v tomto \u010dl\u00e1nku v\u00e1s provedeme cel\u00fdm procesem: <\/p>\n<ul>\n<li>Jako prvn\u00ed krok klikn\u011bte sem a p\u0159ejd\u011bte na webovou str\u00e1nku RedFoxLotto&#8216;. Najd\u011bte tla\u010d\u00edtko pro p\u0159ihl\u00e1\u0161en\u00ed, klikn\u011bte na n\u011bj a zadejte sv\u00e9 osobn\u00ed \u00fadaje. To se d\u011bje tak, \u017ee agenti WinTrillion budou moci zakoupit vstupenky va\u0161\u00edm jm\u00e9nem, \u200b\u200bproto\u017ee na nich bude uvedeno tak\u00e9 va\u0161e jm\u00e9no.  <\/li>\n<li>P\u0159\u00edpadn\u011b pou\u017eijte jeden z banner\u016f na na\u0161ich str\u00e1nk\u00e1ch k v\u00fdb\u011bru loterie (libovoln\u00e9 loterie). Pokud tak u\u010din\u00edte, budete si moci nejprve vybrat sv\u00e1 \u010d\u00edsla pro danou loterii, koupit si tiket El Gordo online (nebo tiket do jin\u00e9 loterie) a vytvo\u0159it si sv\u016fj z\u00e1kaznick\u00fd \u00fa\u010det b\u011bhem procesu platby a pokladny. <\/li>\n<li>V opa\u010dn\u00e9m p\u0159\u00edpad\u011b vyberte loterii z \u00favodn\u00ed str\u00e1nky RedFoxLotto<\/li>\n<li>D\u00e1le si budete moci vybrat po\u010det \u0159ad (variant \u010d\u00edsel) a losov\u00e1n\u00ed o ceny, kter\u00fdch se chcete z\u00fa\u010dastnit. Pokud se nap\u0159\u00edklad loterie losuje dvakr\u00e1t t\u00fddn\u011b a vyberete 6 losov\u00e1n\u00ed, budete se loterie \u00fa\u010dastnit 3 t\u00fddny <\/li>\n<li>Platby jsou snadn\u00e9 a m\u00e1te k dispozici \u0161irokou \u0161k\u00e1lu metod. Jakmile provedete n\u00e1kup a ode\u0161lete platbu, budete m\u00edt ve sv\u00e9 e-mailov\u00e9 schr\u00e1nce e-mail s prvn\u00edm potvrzen\u00edm objedn\u00e1vky, v\u010detn\u011b v\u0161ech podrobnost\u00ed <\/li>\n<li>Va\u0161e skute\u010dn\u00e1 vstupenka nebo vstupenky budou pot\u00e9 zasl\u00e1ny na v\u00e1\u0161 e-mail do 24 hodin pot\u00e9, co je RedFoxLotto zakoup\u00ed na m\u00edst\u011b. Toto je \u010d\u00e1st, kde RedFoxLotto vy\u010dn\u00edv\u00e1 z davu: Dostanete naskenovanou kopii sv\u00e9ho l\u00edstku El Gordo s va\u0161\u00edm vlastn\u00edm jm\u00e9nem. To je nesm\u00edrn\u011b d\u016fle\u017eit\u00e9, proto\u017ee nyn\u00ed si m\u016f\u017eete b\u00fdt jisti, \u017ee m\u00e1te s loteri\u00ed skute\u010dnou \u201esmlouvu\u201c. A d\u00edky tomu si m\u016f\u017eete b\u00fdt jisti, \u017ee dostanete zaplaceno!   <\/li>\n<li>RedFoxLotto v\u00e1m op\u011bt za\u0161le upozorn\u011bn\u00ed e-mailem, v\u017edy n\u011bkolik hodin p\u0159ed ka\u017ed\u00fdm slosov\u00e1n\u00edm o ceny. Tato ozn\u00e1men\u00ed budou zahrnovat tak\u00e9 sken va\u0161\u00ed vstupenky, kter\u00fd prok\u00e1\u017ee, \u017ee m\u00e1te legitimn\u00ed vstupenku. <\/li>\n<\/ul>\n<p>Zd\u00e1 se v\u00e1m ryb\u00ed? v\u016fbec ne. RedFoxLotto denn\u011b obsluhuje tis\u00edce lid\u00ed. Nikdy nebyl probl\u00e9m se z\u00e1kazn\u00edkem dostat svou v\u00fdhru nebo n\u011bco podobn\u00e9ho. Pamatujte, \u017ee v\u0161echny vstupenky, kter\u00e9 si zakoup\u00edte na RedFoxLotto, budou m\u00edt vyti\u0161t\u011bn\u00e9 va\u0161e jm\u00e9no nad \u010d\u00edsly, kter\u00e1 jste vybrali. Nen\u00ed zde \u017e\u00e1dn\u00fd prostor pro chyby a nikdo jin\u00fd krom\u011b v\u00e1s si budete moci n\u00e1rokovat jakoukoli potenci\u00e1ln\u00ed v\u00fdhru.     <\/p>\n<h2>Losov\u00e1n\u00ed o cenu El Gordo<\/h2>\n<p>Losov\u00e1n\u00ed o ceny La Primitiva se kon\u00e1 ka\u017ed\u00fd \u010dtvrtek a sobotu ve 21:30 CET. Z bubnu se 49 m\u00ed\u010dky se losuje \u0161est m\u00ed\u010dk\u016f. Je tu tak\u00e9 funkce nav\u00edc \u2013 hr\u00e1\u010di si mus\u00ed vybrat dal\u0161\u00ed, sedm\u00e9 \u010d\u00edslo. Toto je tak\u00e9 zn\u00e1m\u00e9 jako &#8220;Bonusov\u00fd m\u00ed\u010dek&#8220;, kter\u00fd v\u00e1m m\u016f\u017ee pomoci vyhr\u00e1t druhou nejv\u011bt\u0161\u00ed cenu.   <\/p>\n<p>T\u00fddenn\u00ed hlavn\u00ed cena losov\u00e1n\u00ed (jackpot) za\u010d\u00edn\u00e1 od 3 milion\u016f eur a bude se p\u0159ev\u00e1d\u011bt, dokud nikdo nevyhraje cenu nejvy\u0161\u0161\u00ed \u00farovn\u011b. \u0160pan\u011blsk\u00e1 vl\u00e1da zavedla p\u011bkn\u00e9 pravidlo \u2013 70 % v\u0161ech p\u0159\u00edjm\u016f z loterijn\u00edch tiket\u016f mus\u00ed b\u00fdt p\u0159id\u00e1no do v\u00fdhern\u00edho fondu Jackpot. To zaru\u010duje konzistentn\u00ed r\u016fst jackpotu a zlep\u0161uje \u0161ance a o\u010dek\u00e1v\u00e1n\u00ed v\u00fdher.  <\/p>\n<h2>Zp\u016fsoby, jak vyhr\u00e1t<\/h2>\n<p>El Gordo La Primitiva nab\u00edz\u00ed 5 zp\u016fsob\u016f nebo \u00farovn\u00ed, jak vyhr\u00e1t. \u0160ance na v\u00fdhru za\u010d\u00ednaj\u00ed od 1 ku 57 u nejmen\u0161\u00edch cen a od 1 do 14 milion\u016f u jackpotu. M\u016f\u017ee se to zd\u00e1t hodn\u011b, ale p\u0159edstavte si, \u017ee tuto hru hr\u00e1lo v\u00edce ne\u017e 150 milion\u016f fanou\u0161k\u016f loterie \u2013 nic nen\u00ed nemo\u017en\u00e9!  <\/p>\n<p>N\u00ed\u017ee naleznete po\u017eadavky jednotliv\u00fdch v\u00fdhern\u00edch kombinac\u00ed. P\u0159esn\u00e9 mno\u017estv\u00ed v\u00fdherc\u016f nen\u00ed &#8220;vysazeno&#8220;, proto\u017ee z\u00e1vis\u00ed na fondu v\u00fdher (nap\u0159. po\u010dtu prodan\u00fdch l\u00edstk\u016f na El Gordo) v dan\u00e9m t\u00fddnu. <\/p>\n<p>Hlavn\u00ed cena (Jackpot) bude ud\u011blena, pokud se \u010d\u00edsla na va\u0161em tiketu shoduj\u00ed se v\u0161emi 6 m\u00ed\u010dky ve slosov\u00e1n\u00ed<br \/>\nCena 2. \u00farovn\u011b (2. \u00farove\u0148) je ud\u011blena, pokud se \u010d\u00edsla na va\u0161em tiketu shoduj\u00ed s 5 \u010d\u00edsly v hlavn\u00edm losov\u00e1n\u00ed plus \u010d\u00edsly bonusov\u00e9ho m\u00ed\u010dku.<br \/>\nCena 3. \u00farovn\u011b (3. \u00farove\u0148) je ud\u011blena, pokud se \u010d\u00edsla na va\u0161em tiketu shoduj\u00ed s 5 v hlavn\u00edm losov\u00e1n\u00ed<br \/>\nCena 4. \u00farovn\u011b (4. \u00farove\u0148) se ud\u011bluje, pokud tref\u00edte 4 \u010d\u00edsla hlavn\u00edho losov\u00e1n\u00ed<br \/>\nNakonec je cena 5. \u00farovn\u011b (5. \u00farove\u0148) ud\u011blena, pokud 3 \u010d\u00edsla na va\u0161em tiketu odpov\u00eddaj\u00ed 3 \u010d\u00edsl\u016fm hlavn\u00edho losov\u00e1n\u00ed.<\/p>\n<p>Nejv\u011bt\u0161\u00ed loto vyhran\u00fd jackpot se stal v dubnu 2007, kdy \u0161\u0165astlivec z Monteaguda, Murcio, vyhr\u00e1l 26 milion\u016f eur!<\/p>\n<p>A vy byste mohli b\u00fdt dal\u0161\u00edm velk\u00fdm v\u00fdhercem \u2013 <a href=\"https:\/\/redfoxlotto.com\">nav\u0161tivte RedFoxLotto je\u0161t\u011b<\/a> dnes a kupte si l\u00edstky do loterie El Gordo online!<\/p>\n","protected":false},"excerpt":{"rendered":"<p>El Gordo je nejobl\u00edben\u011bj\u0161\u00ed a nej\u010dast\u011bji hranou loteri\u00ed ve \u0160pan\u011blsku. Generuje cenov\u00e9 fondy a hlavn\u00ed ceny, kter\u00e9 se m\u011b\u0159\u00ed v milionech eur. To p\u0159itahuje hr\u00e1\u010de po cel\u00e9m sv\u011bt\u011b, kte\u0159\u00ed neust\u00e1le sleduj\u00ed novinky a nejnov\u011bj\u0161\u00ed velikost jackpotu. Od spu\u0161t\u011bn\u00ed loterie si tiket zakoupilo v\u00edce ne\u017e 150 milion\u016f lid\u00ed, a to mluv\u00ed za v\u0161e! Loterie El Gordo [&hellip;]<\/p>\n","protected":false},"author":1,"featured_media":0,"parent":0,"menu_order":0,"comment_status":"closed","ping_status":"closed","template":"","meta":{"footnotes":""},"class_list":["post-37","page","type-page","status-publish","hentry"],"yoast_head":"<!-- This site is optimized with the Yoast SEO plugin v24.7 - https:\/\/yoast.com\/wordpress\/plugins\/seo\/ -->\n<title>A vy byste mohli b\u00fdt dal\u0161\u00edm velk\u00fdm v\u00fdhercem \u2013 nav\u0161tivte RedFoxLotto je\u0161t\u011b dnes a kupte si l\u00edstky do loterie El Gordo online!<\/title>\n<meta name=\"robots\" content=\"index, follow, max-snippet:-1, max-image-preview:large, max-video-preview:-1\" \/>\n<link rel=\"canonical\" href=\"http:\/\/elgordoticketsonline.com\/cs\/\" \/>\n<meta property=\"og:locale\" content=\"cs_CZ\" \/>\n<meta property=\"og:type\" content=\"article\" \/>\n<meta property=\"og:title\" content=\"A vy byste mohli b\u00fdt dal\u0161\u00edm velk\u00fdm v\u00fdhercem \u2013 nav\u0161tivte RedFoxLotto je\u0161t\u011b dnes a kupte si l\u00edstky do loterie El Gordo online!\" \/>\n<meta property=\"og:description\" content=\"El Gordo je nejobl\u00edben\u011bj\u0161\u00ed a nej\u010dast\u011bji hranou loteri\u00ed ve \u0160pan\u011blsku. Generuje cenov\u00e9 fondy a hlavn\u00ed ceny, kter\u00e9 se m\u011b\u0159\u00ed v milionech eur. To p\u0159itahuje hr\u00e1\u010de po cel\u00e9m sv\u011bt\u011b, kte\u0159\u00ed neust\u00e1le sleduj\u00ed novinky a nejnov\u011bj\u0161\u00ed velikost jackpotu. Od spu\u0161t\u011bn\u00ed loterie si tiket zakoupilo v\u00edce ne\u017e 150 milion\u016f lid\u00ed, a to mluv\u00ed za v\u0161e! Loterie El Gordo [&hellip;]\" \/>\n<meta property=\"og:url\" content=\"http:\/\/elgordoticketsonline.com\/cs\/\" \/>\n<meta property=\"og:site_name\" content=\"Buy El Gordo Tickets online\" \/>\n<meta name=\"twitter:card\" content=\"summary_large_image\" \/>\n<meta name=\"twitter:label1\" content=\"Odhadovan\u00e1 doba \u010dten\u00ed\" \/>\n\t<meta name=\"twitter:data1\" content=\"6 minut\" \/>\n<script type=\"application\/ld+json\" class=\"yoast-schema-graph\">{\"@context\":\"https:\/\/schema.org\",\"@graph\":[{\"@type\":\"WebPage\",\"@id\":\"http:\/\/elgordoticketsonline.com\/cs\/\",\"url\":\"http:\/\/elgordoticketsonline.com\/cs\/\",\"name\":\"A vy byste mohli b\u00fdt dal\u0161\u00edm velk\u00fdm v\u00fdhercem \u2013 nav\u0161tivte RedFoxLotto je\u0161t\u011b dnes a kupte si l\u00edstky do loterie El Gordo online!\",\"isPartOf\":{\"@id\":\"http:\/\/elgordoticketsonline.com\/cs\/#website\"},\"datePublished\":\"2024-09-09T14:36:19+00:00\",\"breadcrumb\":{\"@id\":\"http:\/\/elgordoticketsonline.com\/cs\/#breadcrumb\"},\"inLanguage\":\"cs\",\"potentialAction\":[{\"@type\":\"ReadAction\",\"target\":[\"http:\/\/elgordoticketsonline.com\/cs\/\"]}]},{\"@type\":\"BreadcrumbList\",\"@id\":\"http:\/\/elgordoticketsonline.com\/cs\/#breadcrumb\",\"itemListElement\":[{\"@type\":\"ListItem\",\"position\":1,\"name\":\"Home\",\"item\":\"http:\/\/elgordoticketsonline.com\/cs\/\"},{\"@type\":\"ListItem\",\"position\":2,\"name\":\"Domov\"}]},{\"@type\":\"WebSite\",\"@id\":\"http:\/\/elgordoticketsonline.com\/cs\/#website\",\"url\":\"http:\/\/elgordoticketsonline.com\/cs\/\",\"name\":\"Buy El Gordo Tickets online\",\"description\":\"\",\"potentialAction\":[{\"@type\":\"SearchAction\",\"target\":{\"@type\":\"EntryPoint\",\"urlTemplate\":\"http:\/\/elgordoticketsonline.com\/cs\/?s={search_term_string}\"},\"query-input\":{\"@type\":\"PropertyValueSpecification\",\"valueRequired\":true,\"valueName\":\"search_term_string\"}}],\"inLanguage\":\"cs\"}]}<\/script>\n<!-- \/ Yoast SEO plugin. -->","yoast_head_json":{"title":"A vy byste mohli b\u00fdt dal\u0161\u00edm velk\u00fdm v\u00fdhercem \u2013 nav\u0161tivte RedFoxLotto je\u0161t\u011b dnes a kupte si l\u00edstky do loterie El Gordo online!","robots":{"index":"index","follow":"follow","max-snippet":"max-snippet:-1","max-image-preview":"max-image-preview:large","max-video-preview":"max-video-preview:-1"},"canonical":"http:\/\/elgordoticketsonline.com\/cs\/","og_locale":"cs_CZ","og_type":"article","og_title":"A vy byste mohli b\u00fdt dal\u0161\u00edm velk\u00fdm v\u00fdhercem \u2013 nav\u0161tivte RedFoxLotto je\u0161t\u011b dnes a kupte si l\u00edstky do loterie El Gordo online!","og_description":"El Gordo je nejobl\u00edben\u011bj\u0161\u00ed a nej\u010dast\u011bji hranou loteri\u00ed ve \u0160pan\u011blsku. Generuje cenov\u00e9 fondy a hlavn\u00ed ceny, kter\u00e9 se m\u011b\u0159\u00ed v milionech eur. To p\u0159itahuje hr\u00e1\u010de po cel\u00e9m sv\u011bt\u011b, kte\u0159\u00ed neust\u00e1le sleduj\u00ed novinky a nejnov\u011bj\u0161\u00ed velikost jackpotu. Od spu\u0161t\u011bn\u00ed loterie si tiket zakoupilo v\u00edce ne\u017e 150 milion\u016f lid\u00ed, a to mluv\u00ed za v\u0161e! Loterie El Gordo [&hellip;]","og_url":"http:\/\/elgordoticketsonline.com\/cs\/","og_site_name":"Buy El Gordo Tickets online","twitter_card":"summary_large_image","twitter_misc":{"Odhadovan\u00e1 doba \u010dten\u00ed":"6 minut"},"schema":{"@context":"https:\/\/schema.org","@graph":[{"@type":"WebPage","@id":"http:\/\/elgordoticketsonline.com\/cs\/","url":"http:\/\/elgordoticketsonline.com\/cs\/","name":"A vy byste mohli b\u00fdt dal\u0161\u00edm velk\u00fdm v\u00fdhercem \u2013 nav\u0161tivte RedFoxLotto je\u0161t\u011b dnes a kupte si l\u00edstky do loterie El Gordo online!","isPartOf":{"@id":"http:\/\/elgordoticketsonline.com\/cs\/#website"},"datePublished":"2024-09-09T14:36:19+00:00","breadcrumb":{"@id":"http:\/\/elgordoticketsonline.com\/cs\/#breadcrumb"},"inLanguage":"cs","potentialAction":[{"@type":"ReadAction","target":["http:\/\/elgordoticketsonline.com\/cs\/"]}]},{"@type":"BreadcrumbList","@id":"http:\/\/elgordoticketsonline.com\/cs\/#breadcrumb","itemListElement":[{"@type":"ListItem","position":1,"name":"Home","item":"http:\/\/elgordoticketsonline.com\/cs\/"},{"@type":"ListItem","position":2,"name":"Domov"}]},{"@type":"WebSite","@id":"http:\/\/elgordoticketsonline.com\/cs\/#website","url":"http:\/\/elgordoticketsonline.com\/cs\/","name":"Buy El Gordo Tickets online","description":"","potentialAction":[{"@type":"SearchAction","target":{"@type":"EntryPoint","urlTemplate":"http:\/\/elgordoticketsonline.com\/cs\/?s={search_term_string}"},"query-input":{"@type":"PropertyValueSpecification","valueRequired":true,"valueName":"search_term_string"}}],"inLanguage":"cs"}]}},"_links":{"self":[{"href":"http:\/\/elgordoticketsonline.com\/cs\/wp-json\/wp\/v2\/pages\/37","targetHints":{"allow":["GET"]}}],"collection":[{"href":"http:\/\/elgordoticketsonline.com\/cs\/wp-json\/wp\/v2\/pages"}],"about":[{"href":"http:\/\/elgordoticketsonline.com\/cs\/wp-json\/wp\/v2\/types\/page"}],"author":[{"embeddable":true,"href":"http:\/\/elgordoticketsonline.com\/cs\/wp-json\/wp\/v2\/users\/1"}],"replies":[{"embeddable":true,"href":"http:\/\/elgordoticketsonline.com\/cs\/wp-json\/wp\/v2\/comments?post=37"}],"version-history":[{"count":0,"href":"http:\/\/elgordoticketsonline.com\/cs\/wp-json\/wp\/v2\/pages\/37\/revisions"}],"wp:attachment":[{"href":"http:\/\/elgordoticketsonline.com\/cs\/wp-json\/wp\/v2\/media?parent=37"}],"curies":[{"name":"wp","href":"https:\/\/api.w.org\/{rel}","templated":true}]}}